{"id":4125,"date":"2019-08-26T14:12:20","date_gmt":"2019-08-26T12:12:20","guid":{"rendered":"https:\/\/www.app.asso.fr\/?page_id=4125"},"modified":"2024-09-02T14:23:41","modified_gmt":"2024-09-02T12:23:41","slug":"for-a-deposit","status":"publish","type":"page","link":"https:\/\/www.app.asso.fr\/en\/information-center\/good-practices\/for-a-deposit","title":{"rendered":"For a deposit"},"content":{"rendered":"[vc_row full_width=&#8221;stretch_row&#8221; css=&#8221;.vc_custom_1707901960613{background-color: #004c93 !important;}&#8221;][vc_column][vc_custom_heading text=&#8221;Join and benefit from all the services of the APP&#8221; font_container=&#8221;tag:h1|text_align:left|color:%23ffffff&#8221; use_theme_fonts=&#8221;yes&#8221;][vc_separator el_class=&#8221;hrline&#8221;][vc_row_inner equal_height=&#8221;yes&#8221; content_placement=&#8221;top&#8221; css=&#8221;.vc_custom_1520937027005{margin-top: 0px !important;padding-top: 0px !important;}&#8221;][vc_column_inner width=&#8221;4\/6&#8243;][vc_column_text el_class=&#8221;page_teas&#8221; css=&#8221;.vc_custom_1707901986892{margin-top: 0px !important;margin-bottom: 0px !important;padding-top: 0px !important;padding-bottom: 0px !important;}&#8221;]<span style=\"color: #ffffff;\">&#8230; including 24&#215;7 direct access to the online platform to quickly and easily upload your digital creations, manage your contracts and your creative portfolio.<\/span>[\/vc_column_text][\/vc_column_inner][vc_column_inner width=&#8221;1\/6&#8243;][vc_empty_space height=&#8221;0.5em&#8221;][vc_btn title=&#8221;Find outmore&#8221; style=&#8221;custom&#8221; custom_background=&#8221;#ff0000&#8243; custom_text=&#8221;#ffffff&#8221; align=&#8221;center&#8221; button_block=&#8221;true&#8221; el_class=&#8221;action_btn action_btn_info&#8221; link=&#8221;url:https%3A%2F%2Fwww.app.asso.fr%2Fen%2Fsolutions%2Fjoin|||&#8221;][\/vc_column_inner][vc_column_inner width=&#8221;1\/6&#8243;][vc_empty_space height=&#8221;0.5em&#8221;][vc_btn title=&#8221;To join online&#8221; style=&#8221;flat&#8221; color=&#8221;primary&#8221; align=&#8221;center&#8221; button_block=&#8221;true&#8221; el_class=&#8221;action_btn action_btn_primary&#8221; link=&#8221;url:https%3A%2F%2Fid.app.asso.fr%2Fen%2Fsubscription||target:%20_blank|&#8221;][\/vc_column_inner][\/vc_row_inner][\/vc_column][\/vc_row][vc_row][vc_column][vc_column_text]\n[\/vc_column_text][\/vc_column][\/vc_row][vc_row][vc_column][vc_custom_heading text=&#8221;Frequently Asked Questions&#8221; font_container=&#8221;tag:h2|text_align:left|color:%231777be&#8221; use_theme_fonts=&#8221;yes&#8221; css=&#8221;.vc_custom_1725279601840{margin-top: 10px !important;border-top-width: 10px !important;padding-top: 10px !important;}&#8221;][vc_separator color=&#8221;sky&#8221; align=&#8221;align_left&#8221; border_width=&#8221;3&#8243; el_width=&#8221;40&#8243;][\/vc_column][\/vc_row][vc_row][vc_column][vc_custom_heading text=&#8221;When to make a deposit to protect your assets?&#8221; font_container=&#8221;tag:h2|text_align:left|color:%23000000&#8243; use_theme_fonts=&#8221;yes&#8221;][\/vc_column][vc_column][vc_btn title=&#8221;See the FAQ&#8221; style=&#8221;custom&#8221; custom_background=&#8221;#006da3&#8243; custom_text=&#8221;#ffffff&#8221; size=&#8221;lg&#8221; align=&#8221;center&#8221; button_block=&#8221;true&#8221; link=&#8221;url:https%3A%2F%2Fwww.app.asso.fr%2Fen%2Finformation-center%2Fgood-practices%2Ffor-a-deposit%2Ffaq-when-to-make-a-deposit-to-protect-your-assets||target:%20_blank|&#8221; css=&#8221;.vc_custom_1566830876977{margin-top: 5px !important;border-top-width: 5px !important;padding-top: 5px !important;}&#8221;][vc_empty_space height=&#8221;50px&#8221;][\/vc_column][\/vc_row][vc_row][vc_column][vc_custom_heading text=&#8221;Under what circumstances can a logibox be opened?&#8221; font_container=&#8221;tag:h2|text_align:left|color:%23000000&#8243; use_theme_fonts=&#8221;yes&#8221;][vc_row_inner][vc_column_inner][vc_btn title=&#8221;See the FAQ&#8221; style=&#8221;custom&#8221; custom_background=&#8221;#006da3&#8243; custom_text=&#8221;#ffffff&#8221; size=&#8221;lg&#8221; align=&#8221;center&#8221; button_block=&#8221;true&#8221; link=&#8221;url:https%3A%2F%2Fwww.app.asso.fr%2Fen%2Finformation-center%2Fgood-practices%2Ffor-a-deposit%2Ffaq-under-what-circumstances-can-a-logibox-be-opened|||&#8221; css=&#8221;.vc_custom_1566830898341{margin-top: 5px !important;border-top-width: 5px !important;padding-top: 5px !important;}&#8221;][vc_empty_space height=&#8221;50px&#8221;][\/vc_column_inner][\/vc_row_inner][\/vc_column][\/vc_row][vc_row][vc_column][vc_custom_heading text=&#8221;Why make a deposit? What is the advantage of a deposit?&#8221; font_container=&#8221;tag:h2|text_align:left|color:%23000000&#8243; use_theme_fonts=&#8221;yes&#8221;][vc_row_inner][vc_column_inner][vc_btn title=&#8221;See the FAQ&#8221; style=&#8221;custom&#8221; custom_background=&#8221;#006da3&#8243; custom_text=&#8221;#ffffff&#8221; size=&#8221;lg&#8221; align=&#8221;center&#8221; button_block=&#8221;true&#8221; link=&#8221;url:https%3A%2F%2Fwww.app.asso.fr%2Fen%2Finformation-center%2Fgood-practices%2Ffor-a-deposit%2Ffaq-why-make-a-deposit-what-is-the-advantage-of-a-deposit|title:Voir%20le%20focus%20en%20entier%20||&#8221; css=&#8221;.vc_custom_1566830920550{margin-top: 5px !important;border-top-width: 5px !important;padding-top: 5px !important;}&#8221;][\/vc_column_inner][\/vc_row_inner][vc_empty_space height=&#8221;50px&#8221;][\/vc_column][\/vc_row][vc_row][vc_column][vc_custom_heading text=&#8221;Can I use my depot abroad?&#8221; font_container=&#8221;tag:h2|text_align:left|color:%23000000&#8243; use_theme_fonts=&#8221;yes&#8221;][vc_row_inner][vc_column_inner][vc_btn title=&#8221;See the FAQ&#8221; style=&#8221;custom&#8221; custom_background=&#8221;#006da3&#8243; custom_text=&#8221;#ffffff&#8221; size=&#8221;lg&#8221; align=&#8221;center&#8221; button_block=&#8221;true&#8221; link=&#8221;url:https%3A%2F%2Fwww.app.asso.fr%2Fen%2Finformation-center%2Fgood-practices%2Ffor-a-deposit%2Ffaq-can-i-use-my-depot-abroad|||&#8221; css=&#8221;.vc_custom_1566830941941{margin-top: 5px !important;border-top-width: 5px !important;padding-top: 5px !important;}&#8221;][vc_empty_space height=&#8221;50px&#8221;][\/vc_column_inner][\/vc_row_inner][\/vc_column][\/vc_row][vc_row][vc_column][vc_custom_heading text=&#8221;What elements can be deposited?&#8221; font_container=&#8221;tag:h2|text_align:left|color:%23000000&#8243; use_theme_fonts=&#8221;yes&#8221;][vc_row_inner][vc_column_inner][vc_btn title=&#8221;See the FAQ&#8221; style=&#8221;custom&#8221; custom_background=&#8221;#006da3&#8243; custom_text=&#8221;#ffffff&#8221; size=&#8221;lg&#8221; align=&#8221;center&#8221; button_block=&#8221;true&#8221; link=&#8221;url:https%3A%2F%2Fwww.app.asso.fr%2Fen%2Finformation-center%2Fgood-practices%2Ffor-a-deposit%2Ffaq-what-elements-can-be-deposited|||&#8221; css=&#8221;.vc_custom_1566830965390{margin-top: 5px !important;border-top-width: 5px !important;padding-top: 5px !important;}&#8221;][\/vc_column_inner][\/vc_row_inner][vc_empty_space height=&#8221;50px&#8221;][\/vc_column][\/vc_row]\n","protected":false},"excerpt":{"rendered":"<p>[vc_row full_width=&#8221;stretch_row&#8221; css=&#8221;.vc_custom_1707901960613{background-color: #004c93 !important;}&#8221;][vc_column][vc_custom_heading text=&#8221;Join and benefit from all the services of the APP&#8221; font_container=&#8221;tag:h1|text_align:left|color:%23ffffff&#8221; use_theme_fonts=&#8221;yes&#8221;][vc_separator el_class=&#8221;hrline&#8221;][vc_row_inner equal_height=&#8221;yes&#8221; content_placement=&#8221;top&#8221; css=&#8221;.vc_custom_1520937027005{margin-top: 0px !important;padding-top: 0px !important;}&#8221;][vc_column_inner width=&#8221;4\/6&#8243;][vc_column_text el_class=&#8221;page_teas&#8221; css=&#8221;.vc_custom_1707901986892{margin-top: 0px !important;margin-bottom: 0px !important;padding-top: 0px !important;padding-bottom: 0px !important;}&#8221;]&#8230; including 24&#215;7 direct access to the online platform to quickly and easily upload your digital creations, manage your contracts and your creative portfolio.[\/vc_column_text][\/vc_column_inner][vc_column_inner width=&#8221;1\/6&#8243;][vc_empty_space height=&#8221;0.5em&#8221;][vc_btn title=&#8221;Find outmore&#8221; style=&#8221;custom&#8221; custom_background=&#8221;#ff0000&#8243; custom_text=&#8221;#ffffff&#8221; align=&#8221;center&#8221; button_block=&#8221;true&#8221; el_class=&#8221;action_btn action_btn_info&#8221; link=&#8221;url:https%3A%2F%2Fwww.app.asso.fr%2Fen%2Fsolutions%2Fjoin|||&#8221;][\/vc_column_inner][vc_column_inner width=&#8221;1\/6&#8243;][vc_empty_space height=&#8221;0.5em&#8221;][vc_btn title=&#8221;To join online&#8221; style=&#8221;flat&#8221; color=&#8221;primary&#8221; align=&#8221;center&#8221; button_block=&#8221;true&#8221; el_class=&#8221;action_btn action_btn_primary&#8221; link=&#8221;url:https%3A%2F%2Fid.app.asso.fr%2Fen%2Fsubscription||target:%20_blank|&#8221;][\/vc_column_inner][\/vc_row_inner][\/vc_column][\/vc_row][vc_row][vc_column][vc_column_text] [\/vc_column_text][\/vc_column][\/vc_row][vc_row][vc_column][vc_custom_heading text=&#8221;Frequently Asked Questions&#8221; font_container=&#8221;tag:h2|text_align:left|color:%231777be&#8221; use_theme_fonts=&#8221;yes&#8221; css=&#8221;.vc_custom_1725279601840{margin-top: 10px !important;border-top-width: 10px !important;padding-top: 10px !important;}&#8221;][vc_separator color=&#8221;sky&#8221; align=&#8221;align_left&#8221; border_width=&#8221;3&#8243; el_width=&#8221;40&#8243;][\/vc_column][\/vc_row][vc_row][vc_column][vc_custom_heading text=&#8221;When to make a deposit to protect your assets?&#8221; font_container=&#8221;tag:h2|text_align:left|color:%23000000&#8243; use_theme_fonts=&#8221;yes&#8221;][\/vc_column][vc_column][vc_btn title=&#8221;See the FAQ&#8221; style=&#8221;custom&#8221; custom_background=&#8221;#006da3&#8243; custom_text=&#8221;#ffffff&#8221; size=&#8221;lg&#8221; align=&#8221;center&#8221; button_block=&#8221;true&#8221; link=&#8221;url:https%3A%2F%2Fwww.app.asso.fr%2Fen%2Finformation-center%2Fgood-practices%2Ffor-a-deposit%2Ffaq-when-to-make-a-deposit-to-protect-your-assets||target:%20_blank|&#8221; css=&#8221;.vc_custom_1566830876977{margin-top: 5px !important;border-top-width: 5px !important;padding-top: 5px !important;}&#8221;][vc_empty_space height=&#8221;50px&#8221;][\/vc_column][\/vc_row][vc_row][vc_column][vc_custom_heading text=&#8221;Under what circumstances can a logibox be opened?&#8221; font_container=&#8221;tag:h2|text_align:left|color:%23000000&#8243; use_theme_fonts=&#8221;yes&#8221;][vc_row_inner][vc_column_inner][vc_btn title=&#8221;See the FAQ&#8221; style=&#8221;custom&#8221; custom_background=&#8221;#006da3&#8243; custom_text=&#8221;#ffffff&#8221; size=&#8221;lg&#8221; align=&#8221;center&#8221; button_block=&#8221;true&#8221; link=&#8221;url:https%3A%2F%2Fwww.app.asso.fr%2Fen%2Finformation-center%2Fgood-practices%2Ffor-a-deposit%2Ffaq-under-what-circumstances-can-a-logibox-be-opened|||&#8221; css=&#8221;.vc_custom_1566830898341{margin-top: 5px !important;border-top-width: 5px !important;padding-top: 5px !important;}&#8221;][vc_empty_space height=&#8221;50px&#8221;][\/vc_column_inner][\/vc_row_inner][\/vc_column][\/vc_row][vc_row][vc_column][vc_custom_heading text=&#8221;Why make a deposit? What is the advantage of a deposit?&#8221; font_container=&#8221;tag:h2|text_align:left|color:%23000000&#8243; use_theme_fonts=&#8221;yes&#8221;][vc_row_inner][vc_column_inner][vc_btn title=&#8221;See the FAQ&#8221; style=&#8221;custom&#8221; custom_background=&#8221;#006da3&#8243; custom_text=&#8221;#ffffff&#8221; size=&#8221;lg&#8221; align=&#8221;center&#8221; button_block=&#8221;true&#8221; link=&#8221;url:https%3A%2F%2Fwww.app.asso.fr%2Fen%2Finformation-center%2Fgood-practices%2Ffor-a-deposit%2Ffaq-why-make-a-deposit-what-is-the-advantage-of-a-deposit|title:Voir%20le%20focus%20en%20entier%20||&#8221; css=&#8221;.vc_custom_1566830920550{margin-top: 5px !important;border-top-width: 5px !important;padding-top: 5px !important;}&#8221;][\/vc_column_inner][\/vc_row_inner][vc_empty_space height=&#8221;50px&#8221;][\/vc_column][\/vc_row][vc_row][vc_column][vc_custom_heading text=&#8221;Can I use my depot abroad?&#8221; font_container=&#8221;tag:h2|text_align:left|color:%23000000&#8243; use_theme_fonts=&#8221;yes&#8221;][vc_row_inner][vc_column_inner][vc_btn title=&#8221;See the FAQ&#8221; style=&#8221;custom&#8221; custom_background=&#8221;#006da3&#8243; custom_text=&#8221;#ffffff&#8221; size=&#8221;lg&#8221; align=&#8221;center&#8221; button_block=&#8221;true&#8221; link=&#8221;url:https%3A%2F%2Fwww.app.asso.fr%2Fen%2Finformation-center%2Fgood-practices%2Ffor-a-deposit%2Ffaq-can-i-use-my-depot-abroad|||&#8221; css=&#8221;.vc_custom_1566830941941{margin-top: 5px !important;border-top-width: 5px !important;padding-top: 5px !important;}&#8221;][vc_empty_space height=&#8221;50px&#8221;][\/vc_column_inner][\/vc_row_inner][\/vc_column][\/vc_row][vc_row][vc_column][vc_custom_heading text=&#8221;What elements can be deposited?&#8221; font_container=&#8221;tag:h2|text_align:left|color:%23000000&#8243; use_theme_fonts=&#8221;yes&#8221;][vc_row_inner][vc_column_inner][vc_btn title=&#8221;See the FAQ&#8221; style=&#8221;custom&#8221; custom_background=&#8221;#006da3&#8243; custom_text=&#8221;#ffffff&#8221; size=&#8221;lg&#8221; align=&#8221;center&#8221; button_block=&#8221;true&#8221; link=&#8221;url:https%3A%2F%2Fwww.app.asso.fr%2Fen%2Finformation-center%2Fgood-practices%2Ffor-a-deposit%2Ffaq-what-elements-can-be-deposited|||&#8221; css=&#8221;.vc_custom_1566830965390{margin-top: 5px !important;border-top-width: 5px !important;padding-top: 5px !important;}&#8221;][\/vc_column_inner][\/vc_row_inner][vc_empty_space height=&#8221;50px&#8221;][\/vc_column][\/vc_row]<\/p>\n","protected":false},"author":20,"featured_media":0,"parent":4112,"menu_order":0,"comment_status":"closed","ping_status":"closed","template":"","meta":{"inline_featured_image":false,"sfsi_plus_gutenberg_text_before_share":"","sfsi_plus_gutenberg_show_text_before_share":"","sfsi_plus_gutenberg_icon_type":"","sfsi_plus_gutenberg_icon_alignemt":"","sfsi_plus_gutenburg_max_per_row":"","footnotes":""},"class_list":["post-4125","page","type-page","status-publish","hentry","entry","post-inner"],"yoast_head":"<!-- This site is optimized with the Yoast SEO plugin v25.6 - https:\/\/yoast.com\/wordpress\/plugins\/seo\/ -->\n<title>For a deposit - APP - Agence pour la Protection des Programmes<\/title>\n<meta name=\"description\" content=\"L&#039;Agence pour la Protection des Programmes prot\u00e8ge les logiciels, bases de donn\u00e9es et autres \u0153uvres num\u00e9riques par un syst\u00e8me de d\u00e9p\u00f4t et de r\u00e9f\u00e9rencement.\" \/>\n<meta name=\"robots\" content=\"index, follow, max-snippet:-1, max-image-preview:large, max-video-preview:-1\" \/>\n<link rel=\"canonical\" href=\"https:\/\/www.app.asso.fr\/en\/information-center\/good-practices\/for-a-deposit\" \/>\n<meta property=\"og:locale\" content=\"en_US\" \/>\n<meta property=\"og:type\" content=\"article\" \/>\n<meta property=\"og:title\" content=\"For a deposit - APP - Agence pour la Protection des Programmes\" \/>\n<meta property=\"og:description\" content=\"L&#039;Agence pour la Protection des Programmes prot\u00e8ge les logiciels, bases de donn\u00e9es et autres \u0153uvres num\u00e9riques par un syst\u00e8me de d\u00e9p\u00f4t et de r\u00e9f\u00e9rencement.\" \/>\n<meta property=\"og:url\" content=\"https:\/\/www.app.asso.fr\/en\/information-center\/good-practices\/for-a-deposit\" \/>\n<meta property=\"og:site_name\" content=\"APP - Agence pour la Protection des Programmes\" \/>\n<meta property=\"article:modified_time\" content=\"2024-09-02T12:23:41+00:00\" \/>\n<meta property=\"og:image\" content=\"https:\/\/www.app.asso.fr\/wp-content\/uploads\/cropped-Frame-1-2-1.png\" \/>\n\t<meta property=\"og:image:width\" content=\"512\" \/>\n\t<meta property=\"og:image:height\" content=\"512\" \/>\n\t<meta property=\"og:image:type\" content=\"image\/png\" \/>\n<meta name=\"twitter:label1\" content=\"Est. reading time\" \/>\n\t<meta name=\"twitter:data1\" content=\"2 minutes\" \/>\n<script type=\"application\/ld+json\" class=\"yoast-schema-graph\">{\"@context\":\"https:\/\/schema.org\",\"@graph\":[{\"@type\":\"WebPage\",\"@id\":\"https:\/\/www.app.asso.fr\/en\/information-center\/good-practices\/for-a-deposit\",\"url\":\"https:\/\/www.app.asso.fr\/en\/information-center\/good-practices\/for-a-deposit\",\"name\":\"For a deposit - APP - Agence pour la Protection des Programmes\",\"isPartOf\":{\"@id\":\"https:\/\/www.app.asso.fr\/#website\"},\"datePublished\":\"2019-08-26T12:12:20+00:00\",\"dateModified\":\"2024-09-02T12:23:41+00:00\",\"description\":\"L'Agence pour la Protection des Programmes prot\u00e8ge les logiciels, bases de donn\u00e9es et autres \u0153uvres num\u00e9riques par un syst\u00e8me de d\u00e9p\u00f4t et de r\u00e9f\u00e9rencement.\",\"breadcrumb\":{\"@id\":\"https:\/\/www.app.asso.fr\/en\/information-center\/good-practices\/for-a-deposit#breadcrumb\"},\"inLanguage\":\"en-US\",\"potentialAction\":[{\"@type\":\"ReadAction\",\"target\":[\"https:\/\/www.app.asso.fr\/en\/information-center\/good-practices\/for-a-deposit\"]}]},{\"@type\":\"BreadcrumbList\",\"@id\":\"https:\/\/www.app.asso.fr\/en\/information-center\/good-practices\/for-a-deposit#breadcrumb\",\"itemListElement\":[{\"@type\":\"ListItem\",\"position\":1,\"name\":\"Accueil\",\"item\":\"https:\/\/www.app.asso.fr\/en\/accueil-2\"},{\"@type\":\"ListItem\",\"position\":2,\"name\":\"Information center\",\"item\":\"https:\/\/www.app.asso.fr\/en\/information-center\"},{\"@type\":\"ListItem\",\"position\":3,\"name\":\"Good practices\",\"item\":\"https:\/\/www.app.asso.fr\/en\/information-center\/good-practices\"},{\"@type\":\"ListItem\",\"position\":4,\"name\":\"For a deposit\"}]},{\"@type\":\"WebSite\",\"@id\":\"https:\/\/www.app.asso.fr\/#website\",\"url\":\"https:\/\/www.app.asso.fr\/\",\"name\":\"APP - Agence pour la Protection des Programmes\",\"description\":\"L&#039;Agence pour la Protection des Programmes prot\u00e8ge les logiciels, bases de donn\u00e9es et autres oeuvres num\u00e9riques par un syst\u00e8me de d\u00e9p\u00f4t et de r\u00e9f\u00e9rencement.\",\"publisher\":{\"@id\":\"https:\/\/www.app.asso.fr\/#organization\"},\"potentialAction\":[{\"@type\":\"SearchAction\",\"target\":{\"@type\":\"EntryPoint\",\"urlTemplate\":\"https:\/\/www.app.asso.fr\/?s={search_term_string}\"},\"query-input\":{\"@type\":\"PropertyValueSpecification\",\"valueRequired\":true,\"valueName\":\"search_term_string\"}}],\"inLanguage\":\"en-US\"},{\"@type\":\"Organization\",\"@id\":\"https:\/\/www.app.asso.fr\/#organization\",\"name\":\"APP - Agence pour la Protection des Programmes\",\"url\":\"https:\/\/www.app.asso.fr\/\",\"logo\":{\"@type\":\"ImageObject\",\"inLanguage\":\"en-US\",\"@id\":\"https:\/\/www.app.asso.fr\/#\/schema\/logo\/image\/\",\"url\":\"https:\/\/www.app.asso.fr\/wp-content\/uploads\/cropped-Frame-1-2-1.png\",\"contentUrl\":\"https:\/\/www.app.asso.fr\/wp-content\/uploads\/cropped-Frame-1-2-1.png\",\"width\":512,\"height\":512,\"caption\":\"APP - Agence pour la Protection des Programmes\"},\"image\":{\"@id\":\"https:\/\/www.app.asso.fr\/#\/schema\/logo\/image\/\"},\"sameAs\":[\"https:\/\/www.linkedin.com\/company\/agence-pour-la-protection-des-programmes-app\/mycompany\/?viewAsMember=true\",\"https:\/\/www.youtube.com\/channel\/UCjCbQOyTyt2nP3DA_RmlyJw\",\"https:\/\/fr.wikipedia.org\/wiki\/Agence_pour_la_protection_des_programmes\"]}]}<\/script>\n<!-- \/ Yoast SEO plugin. -->","yoast_head_json":{"title":"For a deposit - APP - Agence pour la Protection des Programmes","description":"L'Agence pour la Protection des Programmes prot\u00e8ge les logiciels, bases de donn\u00e9es et autres \u0153uvres num\u00e9riques par un syst\u00e8me de d\u00e9p\u00f4t et de r\u00e9f\u00e9rencement.","robots":{"index":"index","follow":"follow","max-snippet":"max-snippet:-1","max-image-preview":"max-image-preview:large","max-video-preview":"max-video-preview:-1"},"canonical":"https:\/\/www.app.asso.fr\/en\/information-center\/good-practices\/for-a-deposit","og_locale":"en_US","og_type":"article","og_title":"For a deposit - APP - Agence pour la Protection des Programmes","og_description":"L'Agence pour la Protection des Programmes prot\u00e8ge les logiciels, bases de donn\u00e9es et autres \u0153uvres num\u00e9riques par un syst\u00e8me de d\u00e9p\u00f4t et de r\u00e9f\u00e9rencement.","og_url":"https:\/\/www.app.asso.fr\/en\/information-center\/good-practices\/for-a-deposit","og_site_name":"APP - Agence pour la Protection des Programmes","article_modified_time":"2024-09-02T12:23:41+00:00","og_image":[{"width":512,"height":512,"url":"https:\/\/www.app.asso.fr\/wp-content\/uploads\/cropped-Frame-1-2-1.png","type":"image\/png"}],"twitter_misc":{"Est. reading time":"2 minutes"},"schema":{"@context":"https:\/\/schema.org","@graph":[{"@type":"WebPage","@id":"https:\/\/www.app.asso.fr\/en\/information-center\/good-practices\/for-a-deposit","url":"https:\/\/www.app.asso.fr\/en\/information-center\/good-practices\/for-a-deposit","name":"For a deposit - APP - Agence pour la Protection des Programmes","isPartOf":{"@id":"https:\/\/www.app.asso.fr\/#website"},"datePublished":"2019-08-26T12:12:20+00:00","dateModified":"2024-09-02T12:23:41+00:00","description":"L'Agence pour la Protection des Programmes prot\u00e8ge les logiciels, bases de donn\u00e9es et autres \u0153uvres num\u00e9riques par un syst\u00e8me de d\u00e9p\u00f4t et de r\u00e9f\u00e9rencement.","breadcrumb":{"@id":"https:\/\/www.app.asso.fr\/en\/information-center\/good-practices\/for-a-deposit#breadcrumb"},"inLanguage":"en-US","potentialAction":[{"@type":"ReadAction","target":["https:\/\/www.app.asso.fr\/en\/information-center\/good-practices\/for-a-deposit"]}]},{"@type":"BreadcrumbList","@id":"https:\/\/www.app.asso.fr\/en\/information-center\/good-practices\/for-a-deposit#breadcrumb","itemListElement":[{"@type":"ListItem","position":1,"name":"Accueil","item":"https:\/\/www.app.asso.fr\/en\/accueil-2"},{"@type":"ListItem","position":2,"name":"Information center","item":"https:\/\/www.app.asso.fr\/en\/information-center"},{"@type":"ListItem","position":3,"name":"Good practices","item":"https:\/\/www.app.asso.fr\/en\/information-center\/good-practices"},{"@type":"ListItem","position":4,"name":"For a deposit"}]},{"@type":"WebSite","@id":"https:\/\/www.app.asso.fr\/#website","url":"https:\/\/www.app.asso.fr\/","name":"APP - Agence pour la Protection des Programmes","description":"L&#039;Agence pour la Protection des Programmes prot\u00e8ge les logiciels, bases de donn\u00e9es et autres oeuvres num\u00e9riques par un syst\u00e8me de d\u00e9p\u00f4t et de r\u00e9f\u00e9rencement.","publisher":{"@id":"https:\/\/www.app.asso.fr\/#organization"},"potentialAction":[{"@type":"SearchAction","target":{"@type":"EntryPoint","urlTemplate":"https:\/\/www.app.asso.fr\/?s={search_term_string}"},"query-input":{"@type":"PropertyValueSpecification","valueRequired":true,"valueName":"search_term_string"}}],"inLanguage":"en-US"},{"@type":"Organization","@id":"https:\/\/www.app.asso.fr\/#organization","name":"APP - Agence pour la Protection des Programmes","url":"https:\/\/www.app.asso.fr\/","logo":{"@type":"ImageObject","inLanguage":"en-US","@id":"https:\/\/www.app.asso.fr\/#\/schema\/logo\/image\/","url":"https:\/\/www.app.asso.fr\/wp-content\/uploads\/cropped-Frame-1-2-1.png","contentUrl":"https:\/\/www.app.asso.fr\/wp-content\/uploads\/cropped-Frame-1-2-1.png","width":512,"height":512,"caption":"APP - Agence pour la Protection des Programmes"},"image":{"@id":"https:\/\/www.app.asso.fr\/#\/schema\/logo\/image\/"},"sameAs":["https:\/\/www.linkedin.com\/company\/agence-pour-la-protection-des-programmes-app\/mycompany\/?viewAsMember=true","https:\/\/www.youtube.com\/channel\/UCjCbQOyTyt2nP3DA_RmlyJw","https:\/\/fr.wikipedia.org\/wiki\/Agence_pour_la_protection_des_programmes"]}]}},"_links":{"self":[{"href":"https:\/\/www.app.asso.fr\/en\/wp-json\/wp\/v2\/pages\/4125","targetHints":{"allow":["GET"]}}],"collection":[{"href":"https:\/\/www.app.asso.fr\/en\/wp-json\/wp\/v2\/pages"}],"about":[{"href":"https:\/\/www.app.asso.fr\/en\/wp-json\/wp\/v2\/types\/page"}],"author":[{"embeddable":true,"href":"https:\/\/www.app.asso.fr\/en\/wp-json\/wp\/v2\/users\/20"}],"replies":[{"embeddable":true,"href":"https:\/\/www.app.asso.fr\/en\/wp-json\/wp\/v2\/comments?post=4125"}],"version-history":[{"count":31,"href":"https:\/\/www.app.asso.fr\/en\/wp-json\/wp\/v2\/pages\/4125\/revisions"}],"predecessor-version":[{"id":9135,"href":"https:\/\/www.app.asso.fr\/en\/wp-json\/wp\/v2\/pages\/4125\/revisions\/9135"}],"up":[{"embeddable":true,"href":"https:\/\/www.app.asso.fr\/en\/wp-json\/wp\/v2\/pages\/4112"}],"wp:attachment":[{"href":"https:\/\/www.app.asso.fr\/en\/wp-json\/wp\/v2\/media?parent=4125"}],"curies":[{"name":"wp","href":"https:\/\/api.w.org\/{rel}","templated":true}]}}