{"id":4127,"date":"2019-08-26T14:13:04","date_gmt":"2019-08-26T12:13:04","guid":{"rendered":"https:\/\/www.app.asso.fr\/?page_id=4127"},"modified":"2024-02-14T10:29:07","modified_gmt":"2024-02-14T09:29:07","slug":"for-an-escrow","status":"publish","type":"page","link":"https:\/\/www.app.asso.fr\/en\/information-center\/for-an-escrow","title":{"rendered":"For an escrow"},"content":{"rendered":"[vc_row full_width=&#8221;stretch_row&#8221; css=&#8221;.vc_custom_1707902603383{background-color: #004c93 !important;}&#8221;][vc_column][vc_custom_heading text=&#8221;Join and benefit from all the services of the APP&#8221; font_container=&#8221;tag:h1|text_align:left|color:%23ffffff&#8221; use_theme_fonts=&#8221;yes&#8221;][vc_separator el_class=&#8221;hrline&#8221;][vc_row_inner equal_height=&#8221;yes&#8221; content_placement=&#8221;top&#8221; css=&#8221;.vc_custom_1520937027005{margin-top: 0px !important;padding-top: 0px !important;}&#8221;][vc_column_inner width=&#8221;4\/6&#8243;][vc_column_text el_class=&#8221;page_teas&#8221; css=&#8221;.vc_custom_1707902929538{margin-top: 0px !important;margin-bottom: 0px !important;padding-top: 0px !important;padding-bottom: 0px !important;}&#8221;]<span style=\"color: #ffffff;\">&#8230; including 24&#215;7 direct access to the online platform to quickly and easily upload your digital creations, manage your contracts and your creative portfolio.<\/span>[\/vc_column_text][\/vc_column_inner][vc_column_inner width=&#8221;1\/6&#8243;][vc_empty_space height=&#8221;0.5em&#8221;][vc_btn title=&#8221;Find outmore&#8221; style=&#8221;custom&#8221; custom_background=&#8221;#ff0000&#8243; custom_text=&#8221;#ffffff&#8221; align=&#8221;center&#8221; button_block=&#8221;true&#8221; el_class=&#8221;action_btn action_btn_info&#8221; link=&#8221;url:https%3A%2F%2Fwww.app.asso.fr%2Fen%2Fsolutions%2Fjoin|||&#8221;][\/vc_column_inner][vc_column_inner width=&#8221;1\/6&#8243;][vc_empty_space height=&#8221;0.5em&#8221;][vc_btn title=&#8221;To join online&#8221; style=&#8221;flat&#8221; color=&#8221;primary&#8221; align=&#8221;center&#8221; button_block=&#8221;true&#8221; el_class=&#8221;action_btn action_btn_primary&#8221; link=&#8221;url:https%3A%2F%2Fid.app.asso.fr%2Fen%2Fsubscription||target:%20_blank|&#8221;][\/vc_column_inner][\/vc_row_inner][\/vc_column][\/vc_row][vc_row][vc_column][vc_column_text]\n[\/vc_column_text][\/vc_column][\/vc_row][vc_row][vc_column][vc_custom_heading text=&#8221;Frequently Asked Questions&#8221; font_container=&#8221;tag:h2|text_align:left|color:%230a0a0a&#8221; use_theme_fonts=&#8221;yes&#8221; css=&#8221;.vc_custom_1566823514508{margin-top: 10px !important;border-top-width: 10px !important;padding-top: 10px !important;}&#8221;][vc_zigzag color=&#8221;custom&#8221; align=&#8221;left&#8221; el_width=&#8221;30&#8243; css=&#8221;.vc_custom_1566823674961{margin-top: -15px !important;margin-bottom: 15px !important;border-top-width: -15px !important;border-bottom-width: 15px !important;padding-top: -15px !important;padding-bottom: 15px !important;}&#8221; custom_color=&#8221;#5ca0b9&#8243;][\/vc_column][\/vc_row][vc_row][vc_column][vc_custom_heading text=&#8221;Escrow offers to the APP&#8221; font_container=&#8221;tag:h2|text_align:left|color:%23000000&#8243; use_theme_fonts=&#8221;yes&#8221;][\/vc_column][vc_column][vc_btn title=&#8221;See the FAQ&#8221; style=&#8221;custom&#8221; custom_background=&#8221;#006da3&#8243; custom_text=&#8221;#ffffff&#8221; size=&#8221;lg&#8221; align=&#8221;center&#8221; button_block=&#8221;true&#8221; link=&#8221;url:https%3A%2F%2Fwww.app.asso.fr%2Fen%2Finformation-center%2Ffor-an-escrow%2Ffaq-escrow-offers-to-the-app&#8221; css=&#8221;.vc_custom_1675847756595{margin-top: 5px !important;border-top-width: 5px !important;padding-top: 5px !important;}&#8221;][vc_empty_space height=&#8221;50px&#8221;][\/vc_column][\/vc_row][vc_row][vc_column][vc_custom_heading text=&#8221;Can I change the escrow agreement model provided in the APP?&#8221; font_container=&#8221;tag:h2|text_align:left|color:%23000000&#8243; use_theme_fonts=&#8221;yes&#8221;][vc_row_inner][vc_column_inner][vc_btn title=&#8221;See the FAQ&#8221; style=&#8221;custom&#8221; custom_background=&#8221;#006da3&#8243; custom_text=&#8221;#ffffff&#8221; size=&#8221;lg&#8221; align=&#8221;center&#8221; button_block=&#8221;true&#8221; link=&#8221;url:https%3A%2F%2Fwww.app.asso.fr%2Fen%2Finformation-center%2Ffor-an-escrow%2Ffaq-can-i-change-the-escrow-agreement-model-provided-in-the-app&#8221; css=&#8221;.vc_custom_1675847315876{margin-top: 5px !important;border-top-width: 5px !important;padding-top: 5px !important;}&#8221;][vc_empty_space height=&#8221;50px&#8221;][\/vc_column_inner][\/vc_row_inner][\/vc_column][\/vc_row][vc_row][vc_column][vc_custom_heading text=&#8221;Access procedure to deposited elements&#8221; font_container=&#8221;tag:h2|text_align:left|color:%23000000&#8243; use_theme_fonts=&#8221;yes&#8221;][vc_row_inner][vc_column_inner][vc_btn title=&#8221;See the article&#8221; style=&#8221;custom&#8221; custom_background=&#8221;#006da3&#8243; custom_text=&#8221;#ffffff&#8221; size=&#8221;lg&#8221; align=&#8221;center&#8221; button_block=&#8221;true&#8221; link=&#8221;url:https%3A%2F%2Fwww.app.asso.fr%2Fen%2Finformation-center%2Ffor-an-escrow%2Faccess-procedure-to-deposited-elements|title:Voir%20le%20focus%20en%20entier&#8221; css=&#8221;.vc_custom_1675847345013{margin-top: 5px !important;border-top-width: 5px !important;padding-top: 5px !important;}&#8221;][\/vc_column_inner][\/vc_row_inner][vc_empty_space height=&#8221;50px&#8221;][\/vc_column][\/vc_row][vc_row][vc_column][vc_custom_heading text=&#8221;The advantages of the tripartite contract signed with the APP&#8221; font_container=&#8221;tag:h2|text_align:left|color:%23000000&#8243; use_theme_fonts=&#8221;yes&#8221;][vc_row_inner][vc_column_inner][vc_btn title=&#8221;See the article&#8221; style=&#8221;custom&#8221; custom_background=&#8221;#006da3&#8243; custom_text=&#8221;#ffffff&#8221; size=&#8221;lg&#8221; align=&#8221;center&#8221; button_block=&#8221;true&#8221; link=&#8221;url:https%3A%2F%2Fwww.app.asso.fr%2Fen%2Finformation-center%2Ffor-an-escrow%2Fthe-advantages-of-the-tripartite-contract-signed-with-the-app&#8221; css=&#8221;.vc_custom_1675847369845{margin-top: 5px !important;border-top-width: 5px !important;padding-top: 5px !important;}&#8221;][vc_empty_space height=&#8221;50px&#8221;][\/vc_column_inner][\/vc_row_inner][\/vc_column][\/vc_row][vc_row][vc_column][vc_custom_heading text=&#8221;Good practices on the drafting of bipartite contracts&#8221; font_container=&#8221;tag:h2|text_align:left|color:%23000000&#8243; use_theme_fonts=&#8221;yes&#8221;][vc_row_inner][vc_column_inner][vc_btn title=&#8221;See the article&#8221; style=&#8221;custom&#8221; custom_background=&#8221;#006da3&#8243; custom_text=&#8221;#ffffff&#8221; size=&#8221;lg&#8221; align=&#8221;center&#8221; button_block=&#8221;true&#8221; link=&#8221;url:https%3A%2F%2Fwww.app.asso.fr%2Fen%2Finformation-center%2Ffor-an-escrow%2Fgood-practices-on-the-drafting-of-bipartire-contracts|title:Voir%20le%20focus%20en%20entier&#8221; css=&#8221;.vc_custom_1675847396203{margin-top: 5px !important;border-top-width: 5px !important;padding-top: 5px !important;}&#8221;][\/vc_column_inner][\/vc_row_inner][vc_empty_space height=&#8221;50px&#8221;][\/vc_column][\/vc_row][vc_row][vc_column][vc_custom_heading text=&#8221;What to deposit in the context of an escrow?&#8221; font_container=&#8221;tag:h2|text_align:left|color:%23000000&#8243; use_theme_fonts=&#8221;yes&#8221;][\/vc_column][\/vc_row][vc_row][vc_column][vc_btn title=&#8221;See the FAQ&#8221; style=&#8221;custom&#8221; custom_background=&#8221;#006da3&#8243; custom_text=&#8221;#ffffff&#8221; size=&#8221;lg&#8221; align=&#8221;center&#8221; button_block=&#8221;true&#8221; link=&#8221;url:https%3A%2F%2Fwww.app.asso.fr%2Fen%2Finformation-center%2Ffor-an-escrow%2Ffaq-what-to-deposit-in-the-context-of-an-escrow|title:Voir%20le%20focus%20en%20entier&#8221; css=&#8221;.vc_custom_1675847746187{margin-top: 5px !important;border-top-width: 5px !important;padding-top: 5px !important;}&#8221;][vc_empty_space height=&#8221;50px&#8221;][\/vc_column][\/vc_row]\n","protected":false},"excerpt":{"rendered":"<p>[vc_row full_width=&#8221;stretch_row&#8221; css=&#8221;.vc_custom_1707902603383{background-color: #004c93 !important;}&#8221;][vc_column][vc_custom_heading text=&#8221;Join and benefit from all the services of the APP&#8221; font_container=&#8221;tag:h1|text_align:left|color:%23ffffff&#8221; use_theme_fonts=&#8221;yes&#8221;][vc_separator el_class=&#8221;hrline&#8221;][vc_row_inner equal_height=&#8221;yes&#8221; content_placement=&#8221;top&#8221; css=&#8221;.vc_custom_1520937027005{margin-top: 0px !important;padding-top: 0px !important;}&#8221;][vc_column_inner width=&#8221;4\/6&#8243;][vc_column_text el_class=&#8221;page_teas&#8221; css=&#8221;.vc_custom_1707902929538{margin-top: 0px !important;margin-bottom: 0px !important;padding-top: 0px !important;padding-bottom: 0px !important;}&#8221;]&#8230; including 24&#215;7 direct access to the online platform to quickly and easily upload your digital creations, manage your contracts and your creative portfolio.[\/vc_column_text][\/vc_column_inner][vc_column_inner width=&#8221;1\/6&#8243;][vc_empty_space height=&#8221;0.5em&#8221;][vc_btn title=&#8221;Find outmore&#8221; style=&#8221;custom&#8221; custom_background=&#8221;#ff0000&#8243; custom_text=&#8221;#ffffff&#8221; align=&#8221;center&#8221; button_block=&#8221;true&#8221; el_class=&#8221;action_btn action_btn_info&#8221; link=&#8221;url:https%3A%2F%2Fwww.app.asso.fr%2Fen%2Fsolutions%2Fjoin|||&#8221;][\/vc_column_inner][vc_column_inner width=&#8221;1\/6&#8243;][vc_empty_space height=&#8221;0.5em&#8221;][vc_btn title=&#8221;To join online&#8221; style=&#8221;flat&#8221; color=&#8221;primary&#8221; align=&#8221;center&#8221; button_block=&#8221;true&#8221; el_class=&#8221;action_btn action_btn_primary&#8221; link=&#8221;url:https%3A%2F%2Fid.app.asso.fr%2Fen%2Fsubscription||target:%20_blank|&#8221;][\/vc_column_inner][\/vc_row_inner][\/vc_column][\/vc_row][vc_row][vc_column][vc_column_text] [\/vc_column_text][\/vc_column][\/vc_row][vc_row][vc_column][vc_custom_heading text=&#8221;Frequently Asked Questions&#8221; font_container=&#8221;tag:h2|text_align:left|color:%230a0a0a&#8221; use_theme_fonts=&#8221;yes&#8221; css=&#8221;.vc_custom_1566823514508{margin-top: 10px !important;border-top-width: 10px !important;padding-top: 10px !important;}&#8221;][vc_zigzag color=&#8221;custom&#8221; align=&#8221;left&#8221; el_width=&#8221;30&#8243; css=&#8221;.vc_custom_1566823674961{margin-top: -15px !important;margin-bottom: 15px !important;border-top-width: -15px !important;border-bottom-width: 15px !important;padding-top: -15px !important;padding-bottom: 15px !important;}&#8221; custom_color=&#8221;#5ca0b9&#8243;][\/vc_column][\/vc_row][vc_row][vc_column][vc_custom_heading text=&#8221;Escrow offers to the APP&#8221; font_container=&#8221;tag:h2|text_align:left|color:%23000000&#8243; use_theme_fonts=&#8221;yes&#8221;][\/vc_column][vc_column][vc_btn title=&#8221;See the FAQ&#8221; style=&#8221;custom&#8221; custom_background=&#8221;#006da3&#8243; custom_text=&#8221;#ffffff&#8221; size=&#8221;lg&#8221; align=&#8221;center&#8221; button_block=&#8221;true&#8221; link=&#8221;url:https%3A%2F%2Fwww.app.asso.fr%2Fen%2Finformation-center%2Ffor-an-escrow%2Ffaq-escrow-offers-to-the-app&#8221; css=&#8221;.vc_custom_1675847756595{margin-top: 5px !important;border-top-width: 5px !important;padding-top: 5px !important;}&#8221;][vc_empty_space height=&#8221;50px&#8221;][\/vc_column][\/vc_row][vc_row][vc_column][vc_custom_heading text=&#8221;Can I change the escrow agreement model provided in the APP?&#8221; font_container=&#8221;tag:h2|text_align:left|color:%23000000&#8243; use_theme_fonts=&#8221;yes&#8221;][vc_row_inner][vc_column_inner][vc_btn title=&#8221;See the FAQ&#8221; style=&#8221;custom&#8221; custom_background=&#8221;#006da3&#8243; custom_text=&#8221;#ffffff&#8221; size=&#8221;lg&#8221; align=&#8221;center&#8221; button_block=&#8221;true&#8221; link=&#8221;url:https%3A%2F%2Fwww.app.asso.fr%2Fen%2Finformation-center%2Ffor-an-escrow%2Ffaq-can-i-change-the-escrow-agreement-model-provided-in-the-app&#8221; css=&#8221;.vc_custom_1675847315876{margin-top: 5px !important;border-top-width: 5px !important;padding-top: 5px !important;}&#8221;][vc_empty_space height=&#8221;50px&#8221;][\/vc_column_inner][\/vc_row_inner][\/vc_column][\/vc_row][vc_row][vc_column][vc_custom_heading text=&#8221;Access procedure to deposited elements&#8221; font_container=&#8221;tag:h2|text_align:left|color:%23000000&#8243; use_theme_fonts=&#8221;yes&#8221;][vc_row_inner][vc_column_inner][vc_btn title=&#8221;See the article&#8221; style=&#8221;custom&#8221; custom_background=&#8221;#006da3&#8243; custom_text=&#8221;#ffffff&#8221; size=&#8221;lg&#8221; align=&#8221;center&#8221; button_block=&#8221;true&#8221; link=&#8221;url:https%3A%2F%2Fwww.app.asso.fr%2Fen%2Finformation-center%2Ffor-an-escrow%2Faccess-procedure-to-deposited-elements|title:Voir%20le%20focus%20en%20entier&#8221; css=&#8221;.vc_custom_1675847345013{margin-top: 5px !important;border-top-width: 5px !important;padding-top: 5px !important;}&#8221;][\/vc_column_inner][\/vc_row_inner][vc_empty_space height=&#8221;50px&#8221;][\/vc_column][\/vc_row][vc_row][vc_column][vc_custom_heading text=&#8221;The advantages of the tripartite contract signed with the APP&#8221; font_container=&#8221;tag:h2|text_align:left|color:%23000000&#8243; use_theme_fonts=&#8221;yes&#8221;][vc_row_inner][vc_column_inner][vc_btn title=&#8221;See the article&#8221; style=&#8221;custom&#8221; custom_background=&#8221;#006da3&#8243; custom_text=&#8221;#ffffff&#8221; size=&#8221;lg&#8221; align=&#8221;center&#8221; button_block=&#8221;true&#8221; link=&#8221;url:https%3A%2F%2Fwww.app.asso.fr%2Fen%2Finformation-center%2Ffor-an-escrow%2Fthe-advantages-of-the-tripartite-contract-signed-with-the-app&#8221; css=&#8221;.vc_custom_1675847369845{margin-top: 5px !important;border-top-width: 5px !important;padding-top: 5px !important;}&#8221;][vc_empty_space height=&#8221;50px&#8221;][\/vc_column_inner][\/vc_row_inner][\/vc_column][\/vc_row][vc_row][vc_column][vc_custom_heading text=&#8221;Good practices on the drafting of bipartite contracts&#8221; font_container=&#8221;tag:h2|text_align:left|color:%23000000&#8243; use_theme_fonts=&#8221;yes&#8221;][vc_row_inner][vc_column_inner][vc_btn title=&#8221;See the article&#8221; style=&#8221;custom&#8221; custom_background=&#8221;#006da3&#8243; custom_text=&#8221;#ffffff&#8221; size=&#8221;lg&#8221; align=&#8221;center&#8221; button_block=&#8221;true&#8221; link=&#8221;url:https%3A%2F%2Fwww.app.asso.fr%2Fen%2Finformation-center%2Ffor-an-escrow%2Fgood-practices-on-the-drafting-of-bipartire-contracts|title:Voir%20le%20focus%20en%20entier&#8221; css=&#8221;.vc_custom_1675847396203{margin-top: 5px !important;border-top-width: 5px !important;padding-top: 5px !important;}&#8221;][\/vc_column_inner][\/vc_row_inner][vc_empty_space height=&#8221;50px&#8221;][\/vc_column][\/vc_row][vc_row][vc_column][vc_custom_heading text=&#8221;What to deposit in the context of an escrow?&#8221; font_container=&#8221;tag:h2|text_align:left|color:%23000000&#8243; use_theme_fonts=&#8221;yes&#8221;][\/vc_column][\/vc_row][vc_row][vc_column][vc_btn title=&#8221;See the FAQ&#8221; style=&#8221;custom&#8221; custom_background=&#8221;#006da3&#8243; custom_text=&#8221;#ffffff&#8221; size=&#8221;lg&#8221; align=&#8221;center&#8221; button_block=&#8221;true&#8221; link=&#8221;url:https%3A%2F%2Fwww.app.asso.fr%2Fen%2Finformation-center%2Ffor-an-escrow%2Ffaq-what-to-deposit-in-the-context-of-an-escrow|title:Voir%20le%20focus%20en%20entier&#8221; css=&#8221;.vc_custom_1675847746187{margin-top: 5px !important;border-top-width: 5px !important;padding-top: 5px !important;}&#8221;][vc_empty_space height=&#8221;50px&#8221;][\/vc_column][\/vc_row]<\/p>\n","protected":false},"author":20,"featured_media":0,"parent":4114,"menu_order":1,"comment_status":"closed","ping_status":"closed","template":"","meta":{"inline_featured_image":false,"sfsi_plus_gutenberg_text_before_share":"","sfsi_plus_gutenberg_show_text_before_share":"","sfsi_plus_gutenberg_icon_type":"","sfsi_plus_gutenberg_icon_alignemt":"","sfsi_plus_gutenburg_max_per_row":"","footnotes":""},"class_list":["post-4127","page","type-page","status-publish","hentry","entry","post-inner"],"yoast_head":"<!-- This site is optimized with the Yoast SEO plugin v25.6 - https:\/\/yoast.com\/wordpress\/plugins\/seo\/ -->\n<title>For an escrow - APP - Agence pour la Protection des Programmes<\/title>\n<meta name=\"description\" content=\"L&#039;Agence pour la Protection des Programmes prot\u00e8ge les logiciels, bases de donn\u00e9es et autres \u0153uvres num\u00e9riques par un syst\u00e8me de d\u00e9p\u00f4t et de r\u00e9f\u00e9rencement.\" \/>\n<meta name=\"robots\" content=\"index, follow, max-snippet:-1, max-image-preview:large, max-video-preview:-1\" \/>\n<link rel=\"canonical\" href=\"https:\/\/www.app.asso.fr\/en\/information-center\/for-an-escrow\" \/>\n<meta property=\"og:locale\" content=\"en_US\" \/>\n<meta property=\"og:type\" content=\"article\" \/>\n<meta property=\"og:title\" content=\"For an escrow - APP - Agence pour la Protection des Programmes\" \/>\n<meta property=\"og:description\" content=\"L&#039;Agence pour la Protection des Programmes prot\u00e8ge les logiciels, bases de donn\u00e9es et autres \u0153uvres num\u00e9riques par un syst\u00e8me de d\u00e9p\u00f4t et de r\u00e9f\u00e9rencement.\" \/>\n<meta property=\"og:url\" content=\"https:\/\/www.app.asso.fr\/en\/information-center\/for-an-escrow\" \/>\n<meta property=\"og:site_name\" content=\"APP - Agence pour la Protection des Programmes\" \/>\n<meta property=\"article:modified_time\" content=\"2024-02-14T09:29:07+00:00\" \/>\n<meta property=\"og:image\" content=\"https:\/\/www.app.asso.fr\/wp-content\/uploads\/cropped-Frame-1-2-1.png\" \/>\n\t<meta property=\"og:image:width\" content=\"512\" \/>\n\t<meta property=\"og:image:height\" content=\"512\" \/>\n\t<meta property=\"og:image:type\" content=\"image\/png\" \/>\n<meta name=\"twitter:label1\" content=\"Est. reading time\" \/>\n\t<meta name=\"twitter:data1\" content=\"2 minutes\" \/>\n<script type=\"application\/ld+json\" class=\"yoast-schema-graph\">{\"@context\":\"https:\/\/schema.org\",\"@graph\":[{\"@type\":\"WebPage\",\"@id\":\"https:\/\/www.app.asso.fr\/en\/information-center\/for-an-escrow\",\"url\":\"https:\/\/www.app.asso.fr\/en\/information-center\/for-an-escrow\",\"name\":\"For an escrow - APP - Agence pour la Protection des Programmes\",\"isPartOf\":{\"@id\":\"https:\/\/www.app.asso.fr\/#website\"},\"datePublished\":\"2019-08-26T12:13:04+00:00\",\"dateModified\":\"2024-02-14T09:29:07+00:00\",\"description\":\"L'Agence pour la Protection des Programmes prot\u00e8ge les logiciels, bases de donn\u00e9es et autres \u0153uvres num\u00e9riques par un syst\u00e8me de d\u00e9p\u00f4t et de r\u00e9f\u00e9rencement.\",\"breadcrumb\":{\"@id\":\"https:\/\/www.app.asso.fr\/en\/information-center\/for-an-escrow#breadcrumb\"},\"inLanguage\":\"en-US\",\"potentialAction\":[{\"@type\":\"ReadAction\",\"target\":[\"https:\/\/www.app.asso.fr\/en\/information-center\/for-an-escrow\"]}]},{\"@type\":\"BreadcrumbList\",\"@id\":\"https:\/\/www.app.asso.fr\/en\/information-center\/for-an-escrow#breadcrumb\",\"itemListElement\":[{\"@type\":\"ListItem\",\"position\":1,\"name\":\"Accueil\",\"item\":\"https:\/\/www.app.asso.fr\/en\/accueil-2\"},{\"@type\":\"ListItem\",\"position\":2,\"name\":\"Information center\",\"item\":\"https:\/\/www.app.asso.fr\/en\/information-center\"},{\"@type\":\"ListItem\",\"position\":3,\"name\":\"For an escrow\"}]},{\"@type\":\"WebSite\",\"@id\":\"https:\/\/www.app.asso.fr\/#website\",\"url\":\"https:\/\/www.app.asso.fr\/\",\"name\":\"APP - Agence pour la Protection des Programmes\",\"description\":\"L&#039;Agence pour la Protection des Programmes prot\u00e8ge les logiciels, bases de donn\u00e9es et autres oeuvres num\u00e9riques par un syst\u00e8me de d\u00e9p\u00f4t et de r\u00e9f\u00e9rencement.\",\"publisher\":{\"@id\":\"https:\/\/www.app.asso.fr\/#organization\"},\"potentialAction\":[{\"@type\":\"SearchAction\",\"target\":{\"@type\":\"EntryPoint\",\"urlTemplate\":\"https:\/\/www.app.asso.fr\/?s={search_term_string}\"},\"query-input\":{\"@type\":\"PropertyValueSpecification\",\"valueRequired\":true,\"valueName\":\"search_term_string\"}}],\"inLanguage\":\"en-US\"},{\"@type\":\"Organization\",\"@id\":\"https:\/\/www.app.asso.fr\/#organization\",\"name\":\"APP - Agence pour la Protection des Programmes\",\"url\":\"https:\/\/www.app.asso.fr\/\",\"logo\":{\"@type\":\"ImageObject\",\"inLanguage\":\"en-US\",\"@id\":\"https:\/\/www.app.asso.fr\/#\/schema\/logo\/image\/\",\"url\":\"https:\/\/www.app.asso.fr\/wp-content\/uploads\/cropped-Frame-1-2-1.png\",\"contentUrl\":\"https:\/\/www.app.asso.fr\/wp-content\/uploads\/cropped-Frame-1-2-1.png\",\"width\":512,\"height\":512,\"caption\":\"APP - Agence pour la Protection des Programmes\"},\"image\":{\"@id\":\"https:\/\/www.app.asso.fr\/#\/schema\/logo\/image\/\"},\"sameAs\":[\"https:\/\/www.linkedin.com\/company\/agence-pour-la-protection-des-programmes-app\/mycompany\/?viewAsMember=true\",\"https:\/\/www.youtube.com\/channel\/UCjCbQOyTyt2nP3DA_RmlyJw\",\"https:\/\/fr.wikipedia.org\/wiki\/Agence_pour_la_protection_des_programmes\"]}]}<\/script>\n<!-- \/ Yoast SEO plugin. -->","yoast_head_json":{"title":"For an escrow - APP - Agence pour la Protection des Programmes","description":"L'Agence pour la Protection des Programmes prot\u00e8ge les logiciels, bases de donn\u00e9es et autres \u0153uvres num\u00e9riques par un syst\u00e8me de d\u00e9p\u00f4t et de r\u00e9f\u00e9rencement.","robots":{"index":"index","follow":"follow","max-snippet":"max-snippet:-1","max-image-preview":"max-image-preview:large","max-video-preview":"max-video-preview:-1"},"canonical":"https:\/\/www.app.asso.fr\/en\/information-center\/for-an-escrow","og_locale":"en_US","og_type":"article","og_title":"For an escrow - APP - Agence pour la Protection des Programmes","og_description":"L'Agence pour la Protection des Programmes prot\u00e8ge les logiciels, bases de donn\u00e9es et autres \u0153uvres num\u00e9riques par un syst\u00e8me de d\u00e9p\u00f4t et de r\u00e9f\u00e9rencement.","og_url":"https:\/\/www.app.asso.fr\/en\/information-center\/for-an-escrow","og_site_name":"APP - Agence pour la Protection des Programmes","article_modified_time":"2024-02-14T09:29:07+00:00","og_image":[{"width":512,"height":512,"url":"https:\/\/www.app.asso.fr\/wp-content\/uploads\/cropped-Frame-1-2-1.png","type":"image\/png"}],"twitter_misc":{"Est. reading time":"2 minutes"},"schema":{"@context":"https:\/\/schema.org","@graph":[{"@type":"WebPage","@id":"https:\/\/www.app.asso.fr\/en\/information-center\/for-an-escrow","url":"https:\/\/www.app.asso.fr\/en\/information-center\/for-an-escrow","name":"For an escrow - APP - Agence pour la Protection des Programmes","isPartOf":{"@id":"https:\/\/www.app.asso.fr\/#website"},"datePublished":"2019-08-26T12:13:04+00:00","dateModified":"2024-02-14T09:29:07+00:00","description":"L'Agence pour la Protection des Programmes prot\u00e8ge les logiciels, bases de donn\u00e9es et autres \u0153uvres num\u00e9riques par un syst\u00e8me de d\u00e9p\u00f4t et de r\u00e9f\u00e9rencement.","breadcrumb":{"@id":"https:\/\/www.app.asso.fr\/en\/information-center\/for-an-escrow#breadcrumb"},"inLanguage":"en-US","potentialAction":[{"@type":"ReadAction","target":["https:\/\/www.app.asso.fr\/en\/information-center\/for-an-escrow"]}]},{"@type":"BreadcrumbList","@id":"https:\/\/www.app.asso.fr\/en\/information-center\/for-an-escrow#breadcrumb","itemListElement":[{"@type":"ListItem","position":1,"name":"Accueil","item":"https:\/\/www.app.asso.fr\/en\/accueil-2"},{"@type":"ListItem","position":2,"name":"Information center","item":"https:\/\/www.app.asso.fr\/en\/information-center"},{"@type":"ListItem","position":3,"name":"For an escrow"}]},{"@type":"WebSite","@id":"https:\/\/www.app.asso.fr\/#website","url":"https:\/\/www.app.asso.fr\/","name":"APP - Agence pour la Protection des Programmes","description":"L&#039;Agence pour la Protection des Programmes prot\u00e8ge les logiciels, bases de donn\u00e9es et autres oeuvres num\u00e9riques par un syst\u00e8me de d\u00e9p\u00f4t et de r\u00e9f\u00e9rencement.","publisher":{"@id":"https:\/\/www.app.asso.fr\/#organization"},"potentialAction":[{"@type":"SearchAction","target":{"@type":"EntryPoint","urlTemplate":"https:\/\/www.app.asso.fr\/?s={search_term_string}"},"query-input":{"@type":"PropertyValueSpecification","valueRequired":true,"valueName":"search_term_string"}}],"inLanguage":"en-US"},{"@type":"Organization","@id":"https:\/\/www.app.asso.fr\/#organization","name":"APP - Agence pour la Protection des Programmes","url":"https:\/\/www.app.asso.fr\/","logo":{"@type":"ImageObject","inLanguage":"en-US","@id":"https:\/\/www.app.asso.fr\/#\/schema\/logo\/image\/","url":"https:\/\/www.app.asso.fr\/wp-content\/uploads\/cropped-Frame-1-2-1.png","contentUrl":"https:\/\/www.app.asso.fr\/wp-content\/uploads\/cropped-Frame-1-2-1.png","width":512,"height":512,"caption":"APP - Agence pour la Protection des Programmes"},"image":{"@id":"https:\/\/www.app.asso.fr\/#\/schema\/logo\/image\/"},"sameAs":["https:\/\/www.linkedin.com\/company\/agence-pour-la-protection-des-programmes-app\/mycompany\/?viewAsMember=true","https:\/\/www.youtube.com\/channel\/UCjCbQOyTyt2nP3DA_RmlyJw","https:\/\/fr.wikipedia.org\/wiki\/Agence_pour_la_protection_des_programmes"]}]}},"_links":{"self":[{"href":"https:\/\/www.app.asso.fr\/en\/wp-json\/wp\/v2\/pages\/4127","targetHints":{"allow":["GET"]}}],"collection":[{"href":"https:\/\/www.app.asso.fr\/en\/wp-json\/wp\/v2\/pages"}],"about":[{"href":"https:\/\/www.app.asso.fr\/en\/wp-json\/wp\/v2\/types\/page"}],"author":[{"embeddable":true,"href":"https:\/\/www.app.asso.fr\/en\/wp-json\/wp\/v2\/users\/20"}],"replies":[{"embeddable":true,"href":"https:\/\/www.app.asso.fr\/en\/wp-json\/wp\/v2\/comments?post=4127"}],"version-history":[{"count":16,"href":"https:\/\/www.app.asso.fr\/en\/wp-json\/wp\/v2\/pages\/4127\/revisions"}],"predecessor-version":[{"id":9140,"href":"https:\/\/www.app.asso.fr\/en\/wp-json\/wp\/v2\/pages\/4127\/revisions\/9140"}],"up":[{"embeddable":true,"href":"https:\/\/www.app.asso.fr\/en\/wp-json\/wp\/v2\/pages\/4114"}],"wp:attachment":[{"href":"https:\/\/www.app.asso.fr\/en\/wp-json\/wp\/v2\/media?parent=4127"}],"curies":[{"name":"wp","href":"https:\/\/api.w.org\/{rel}","templated":true}]}}