{"id":4201,"date":"2019-08-26T16:13:00","date_gmt":"2019-08-26T14:13:00","guid":{"rendered":"https:\/\/www.app.asso.fr\/?page_id=4201"},"modified":"2024-09-11T17:46:24","modified_gmt":"2024-09-11T15:46:24","slug":"faq-can-i-use-my-depot-abroad","status":"publish","type":"page","link":"https:\/\/www.app.asso.fr\/en\/information-center\/good-practices\/for-a-deposit\/faq-can-i-use-my-depot-abroad","title":{"rendered":"FAQ \u2013 Can I use my depot abroad?"},"content":{"rendered":"[vc_row][vc_column][vc_custom_heading text=&#8221;FAQ \u2013 Can I use my depot abroad?&#8221; font_container=&#8221;tag:h1|text_align:left|color:%231777be&#8221; use_theme_fonts=&#8221;yes&#8221;][vc_column_text]It is recom<\/p>\n<p>The APP deposits may be submitted to the courts of all States that are parties to the Berne Convention.<\/p>\n<p>The Berne Convention provides, in particular, that if the author originates from one of the signatory countries of the said Convention or if the work was first published in one of these countries, the author is automatically protected by the provisions of the Berne Convention. Consequently, it enjoys in each of the Contracting States the same protection as that granted by that State to national authors.<\/p>\n<p>As of February 1, 2018, 175 countries are signatories to the Berne Convention. You will find a complete list of these countries on the <a href=\"http:\/\/www.wipo.int\/treaties\/en\/ShowResults.jsp?lang=fr&amp;treaty_id=15\">WIPO (World Intellectual Property Organization)<\/a> website.[\/vc_column_text][\/vc_column][vc_column][\/vc_column][\/vc_row]\n","protected":false},"excerpt":{"rendered":"<p>[vc_row][vc_column][vc_custom_heading text=&#8221;FAQ \u2013 Can I use my depot abroad?&#8221; font_container=&#8221;tag:h1|text_align:left|color:%231777be&#8221; use_theme_fonts=&#8221;yes&#8221;][vc_column_text]It is recom The APP deposits may be submitted to the courts of all States that are parties to the Berne Convention. The Berne Convention provides, in particular, that if the author originates from one of the signatory countries of the said Convention or if the work was first published in one of these countries, the author is automatically protected by the provisions of the Berne Convention. Consequently, it enjoys in each of the Contracting States the same protection as that granted by that State to national authors. As of February 1, 2018, 175 countries are signatories to the Berne Convention. You will find a complete list of these countries on the WIPO (World Intellectual Property Organization) website.[\/vc_column_text][\/vc_column][vc_column][\/vc_column][\/vc_row]<\/p>\n","protected":false},"author":20,"featured_media":0,"parent":4125,"menu_order":3,"comment_status":"closed","ping_status":"closed","template":"","meta":{"inline_featured_image":false,"sfsi_plus_gutenberg_text_before_share":"","sfsi_plus_gutenberg_show_text_before_share":"","sfsi_plus_gutenberg_icon_type":"","sfsi_plus_gutenberg_icon_alignemt":"","sfsi_plus_gutenburg_max_per_row":"","footnotes":""},"class_list":["post-4201","page","type-page","status-publish","hentry","entry","post-inner"],"yoast_head":"<!-- This site is optimized with the Yoast SEO plugin v25.6 - https:\/\/yoast.com\/wordpress\/plugins\/seo\/ -->\n<title>FAQ \u2013 Can I use my depot abroad? - APP - Agence pour la Protection des Programmes<\/title>\n<meta name=\"description\" content=\"L&#039;Agence pour la Protection des Programmes prot\u00e8ge les logiciels, bases de donn\u00e9es et autres \u0153uvres num\u00e9riques par un syst\u00e8me de d\u00e9p\u00f4t et de r\u00e9f\u00e9rencement.\" \/>\n<meta name=\"robots\" content=\"index, follow, max-snippet:-1, max-image-preview:large, max-video-preview:-1\" \/>\n<link rel=\"canonical\" href=\"https:\/\/www.app.asso.fr\/en\/information-center\/good-practices\/for-a-deposit\/faq-can-i-use-my-depot-abroad\" \/>\n<meta property=\"og:locale\" content=\"en_US\" \/>\n<meta property=\"og:type\" content=\"article\" \/>\n<meta property=\"og:title\" content=\"FAQ \u2013 Can I use my depot abroad? - APP - Agence pour la Protection des Programmes\" \/>\n<meta property=\"og:description\" content=\"L&#039;Agence pour la Protection des Programmes prot\u00e8ge les logiciels, bases de donn\u00e9es et autres \u0153uvres num\u00e9riques par un syst\u00e8me de d\u00e9p\u00f4t et de r\u00e9f\u00e9rencement.\" \/>\n<meta property=\"og:url\" content=\"https:\/\/www.app.asso.fr\/en\/information-center\/good-practices\/for-a-deposit\/faq-can-i-use-my-depot-abroad\" \/>\n<meta property=\"og:site_name\" content=\"APP - Agence pour la Protection des Programmes\" \/>\n<meta property=\"article:modified_time\" content=\"2024-09-11T15:46:24+00:00\" \/>\n<meta property=\"og:image\" content=\"https:\/\/www.app.asso.fr\/wp-content\/uploads\/cropped-Frame-1-2-1.png\" \/>\n\t<meta property=\"og:image:width\" content=\"512\" \/>\n\t<meta property=\"og:image:height\" content=\"512\" \/>\n\t<meta property=\"og:image:type\" content=\"image\/png\" \/>\n<meta name=\"twitter:label1\" content=\"Est. reading time\" \/>\n\t<meta name=\"twitter:data1\" content=\"1 minute\" \/>\n<script type=\"application\/ld+json\" class=\"yoast-schema-graph\">{\"@context\":\"https:\/\/schema.org\",\"@graph\":[{\"@type\":\"WebPage\",\"@id\":\"https:\/\/www.app.asso.fr\/en\/information-center\/good-practices\/for-a-deposit\/faq-can-i-use-my-depot-abroad\",\"url\":\"https:\/\/www.app.asso.fr\/en\/information-center\/good-practices\/for-a-deposit\/faq-can-i-use-my-depot-abroad\",\"name\":\"FAQ \u2013 Can I use my depot abroad? - APP - Agence pour la Protection des Programmes\",\"isPartOf\":{\"@id\":\"https:\/\/www.app.asso.fr\/#website\"},\"datePublished\":\"2019-08-26T14:13:00+00:00\",\"dateModified\":\"2024-09-11T15:46:24+00:00\",\"description\":\"L'Agence pour la Protection des Programmes prot\u00e8ge les logiciels, bases de donn\u00e9es et autres \u0153uvres num\u00e9riques par un syst\u00e8me de d\u00e9p\u00f4t et de r\u00e9f\u00e9rencement.\",\"breadcrumb\":{\"@id\":\"https:\/\/www.app.asso.fr\/en\/information-center\/good-practices\/for-a-deposit\/faq-can-i-use-my-depot-abroad#breadcrumb\"},\"inLanguage\":\"en-US\",\"potentialAction\":[{\"@type\":\"ReadAction\",\"target\":[\"https:\/\/www.app.asso.fr\/en\/information-center\/good-practices\/for-a-deposit\/faq-can-i-use-my-depot-abroad\"]}]},{\"@type\":\"BreadcrumbList\",\"@id\":\"https:\/\/www.app.asso.fr\/en\/information-center\/good-practices\/for-a-deposit\/faq-can-i-use-my-depot-abroad#breadcrumb\",\"itemListElement\":[{\"@type\":\"ListItem\",\"position\":1,\"name\":\"Accueil\",\"item\":\"https:\/\/www.app.asso.fr\/en\/accueil-2\"},{\"@type\":\"ListItem\",\"position\":2,\"name\":\"Information center\",\"item\":\"https:\/\/www.app.asso.fr\/en\/information-center\"},{\"@type\":\"ListItem\",\"position\":3,\"name\":\"Good practices\",\"item\":\"https:\/\/www.app.asso.fr\/en\/information-center\/good-practices\"},{\"@type\":\"ListItem\",\"position\":4,\"name\":\"For a deposit\",\"item\":\"https:\/\/www.app.asso.fr\/en\/information-center\/good-practices\/for-a-deposit\"},{\"@type\":\"ListItem\",\"position\":5,\"name\":\"FAQ \u2013 Can I use my depot abroad?\"}]},{\"@type\":\"WebSite\",\"@id\":\"https:\/\/www.app.asso.fr\/#website\",\"url\":\"https:\/\/www.app.asso.fr\/\",\"name\":\"APP - Agence pour la Protection des Programmes\",\"description\":\"L&#039;Agence pour la Protection des Programmes prot\u00e8ge les logiciels, bases de donn\u00e9es et autres oeuvres num\u00e9riques par un syst\u00e8me de d\u00e9p\u00f4t et de r\u00e9f\u00e9rencement.\",\"publisher\":{\"@id\":\"https:\/\/www.app.asso.fr\/#organization\"},\"potentialAction\":[{\"@type\":\"SearchAction\",\"target\":{\"@type\":\"EntryPoint\",\"urlTemplate\":\"https:\/\/www.app.asso.fr\/?s={search_term_string}\"},\"query-input\":{\"@type\":\"PropertyValueSpecification\",\"valueRequired\":true,\"valueName\":\"search_term_string\"}}],\"inLanguage\":\"en-US\"},{\"@type\":\"Organization\",\"@id\":\"https:\/\/www.app.asso.fr\/#organization\",\"name\":\"APP - Agence pour la Protection des Programmes\",\"url\":\"https:\/\/www.app.asso.fr\/\",\"logo\":{\"@type\":\"ImageObject\",\"inLanguage\":\"en-US\",\"@id\":\"https:\/\/www.app.asso.fr\/#\/schema\/logo\/image\/\",\"url\":\"https:\/\/www.app.asso.fr\/wp-content\/uploads\/cropped-Frame-1-2-1.png\",\"contentUrl\":\"https:\/\/www.app.asso.fr\/wp-content\/uploads\/cropped-Frame-1-2-1.png\",\"width\":512,\"height\":512,\"caption\":\"APP - Agence pour la Protection des Programmes\"},\"image\":{\"@id\":\"https:\/\/www.app.asso.fr\/#\/schema\/logo\/image\/\"},\"sameAs\":[\"https:\/\/www.linkedin.com\/company\/agence-pour-la-protection-des-programmes-app\/mycompany\/?viewAsMember=true\",\"https:\/\/www.youtube.com\/channel\/UCjCbQOyTyt2nP3DA_RmlyJw\",\"https:\/\/fr.wikipedia.org\/wiki\/Agence_pour_la_protection_des_programmes\"]}]}<\/script>\n<!-- \/ Yoast SEO plugin. -->","yoast_head_json":{"title":"FAQ \u2013 Can I use my depot abroad? - APP - Agence pour la Protection des Programmes","description":"L'Agence pour la Protection des Programmes prot\u00e8ge les logiciels, bases de donn\u00e9es et autres \u0153uvres num\u00e9riques par un syst\u00e8me de d\u00e9p\u00f4t et de r\u00e9f\u00e9rencement.","robots":{"index":"index","follow":"follow","max-snippet":"max-snippet:-1","max-image-preview":"max-image-preview:large","max-video-preview":"max-video-preview:-1"},"canonical":"https:\/\/www.app.asso.fr\/en\/information-center\/good-practices\/for-a-deposit\/faq-can-i-use-my-depot-abroad","og_locale":"en_US","og_type":"article","og_title":"FAQ \u2013 Can I use my depot abroad? - APP - Agence pour la Protection des Programmes","og_description":"L'Agence pour la Protection des Programmes prot\u00e8ge les logiciels, bases de donn\u00e9es et autres \u0153uvres num\u00e9riques par un syst\u00e8me de d\u00e9p\u00f4t et de r\u00e9f\u00e9rencement.","og_url":"https:\/\/www.app.asso.fr\/en\/information-center\/good-practices\/for-a-deposit\/faq-can-i-use-my-depot-abroad","og_site_name":"APP - Agence pour la Protection des Programmes","article_modified_time":"2024-09-11T15:46:24+00:00","og_image":[{"width":512,"height":512,"url":"https:\/\/www.app.asso.fr\/wp-content\/uploads\/cropped-Frame-1-2-1.png","type":"image\/png"}],"twitter_misc":{"Est. reading time":"1 minute"},"schema":{"@context":"https:\/\/schema.org","@graph":[{"@type":"WebPage","@id":"https:\/\/www.app.asso.fr\/en\/information-center\/good-practices\/for-a-deposit\/faq-can-i-use-my-depot-abroad","url":"https:\/\/www.app.asso.fr\/en\/information-center\/good-practices\/for-a-deposit\/faq-can-i-use-my-depot-abroad","name":"FAQ \u2013 Can I use my depot abroad? - APP - Agence pour la Protection des Programmes","isPartOf":{"@id":"https:\/\/www.app.asso.fr\/#website"},"datePublished":"2019-08-26T14:13:00+00:00","dateModified":"2024-09-11T15:46:24+00:00","description":"L'Agence pour la Protection des Programmes prot\u00e8ge les logiciels, bases de donn\u00e9es et autres \u0153uvres num\u00e9riques par un syst\u00e8me de d\u00e9p\u00f4t et de r\u00e9f\u00e9rencement.","breadcrumb":{"@id":"https:\/\/www.app.asso.fr\/en\/information-center\/good-practices\/for-a-deposit\/faq-can-i-use-my-depot-abroad#breadcrumb"},"inLanguage":"en-US","potentialAction":[{"@type":"ReadAction","target":["https:\/\/www.app.asso.fr\/en\/information-center\/good-practices\/for-a-deposit\/faq-can-i-use-my-depot-abroad"]}]},{"@type":"BreadcrumbList","@id":"https:\/\/www.app.asso.fr\/en\/information-center\/good-practices\/for-a-deposit\/faq-can-i-use-my-depot-abroad#breadcrumb","itemListElement":[{"@type":"ListItem","position":1,"name":"Accueil","item":"https:\/\/www.app.asso.fr\/en\/accueil-2"},{"@type":"ListItem","position":2,"name":"Information center","item":"https:\/\/www.app.asso.fr\/en\/information-center"},{"@type":"ListItem","position":3,"name":"Good practices","item":"https:\/\/www.app.asso.fr\/en\/information-center\/good-practices"},{"@type":"ListItem","position":4,"name":"For a deposit","item":"https:\/\/www.app.asso.fr\/en\/information-center\/good-practices\/for-a-deposit"},{"@type":"ListItem","position":5,"name":"FAQ \u2013 Can I use my depot abroad?"}]},{"@type":"WebSite","@id":"https:\/\/www.app.asso.fr\/#website","url":"https:\/\/www.app.asso.fr\/","name":"APP - Agence pour la Protection des Programmes","description":"L&#039;Agence pour la Protection des Programmes prot\u00e8ge les logiciels, bases de donn\u00e9es et autres oeuvres num\u00e9riques par un syst\u00e8me de d\u00e9p\u00f4t et de r\u00e9f\u00e9rencement.","publisher":{"@id":"https:\/\/www.app.asso.fr\/#organization"},"potentialAction":[{"@type":"SearchAction","target":{"@type":"EntryPoint","urlTemplate":"https:\/\/www.app.asso.fr\/?s={search_term_string}"},"query-input":{"@type":"PropertyValueSpecification","valueRequired":true,"valueName":"search_term_string"}}],"inLanguage":"en-US"},{"@type":"Organization","@id":"https:\/\/www.app.asso.fr\/#organization","name":"APP - Agence pour la Protection des Programmes","url":"https:\/\/www.app.asso.fr\/","logo":{"@type":"ImageObject","inLanguage":"en-US","@id":"https:\/\/www.app.asso.fr\/#\/schema\/logo\/image\/","url":"https:\/\/www.app.asso.fr\/wp-content\/uploads\/cropped-Frame-1-2-1.png","contentUrl":"https:\/\/www.app.asso.fr\/wp-content\/uploads\/cropped-Frame-1-2-1.png","width":512,"height":512,"caption":"APP - Agence pour la Protection des Programmes"},"image":{"@id":"https:\/\/www.app.asso.fr\/#\/schema\/logo\/image\/"},"sameAs":["https:\/\/www.linkedin.com\/company\/agence-pour-la-protection-des-programmes-app\/mycompany\/?viewAsMember=true","https:\/\/www.youtube.com\/channel\/UCjCbQOyTyt2nP3DA_RmlyJw","https:\/\/fr.wikipedia.org\/wiki\/Agence_pour_la_protection_des_programmes"]}]}},"_links":{"self":[{"href":"https:\/\/www.app.asso.fr\/en\/wp-json\/wp\/v2\/pages\/4201","targetHints":{"allow":["GET"]}}],"collection":[{"href":"https:\/\/www.app.asso.fr\/en\/wp-json\/wp\/v2\/pages"}],"about":[{"href":"https:\/\/www.app.asso.fr\/en\/wp-json\/wp\/v2\/types\/page"}],"author":[{"embeddable":true,"href":"https:\/\/www.app.asso.fr\/en\/wp-json\/wp\/v2\/users\/20"}],"replies":[{"embeddable":true,"href":"https:\/\/www.app.asso.fr\/en\/wp-json\/wp\/v2\/comments?post=4201"}],"version-history":[{"count":3,"href":"https:\/\/www.app.asso.fr\/en\/wp-json\/wp\/v2\/pages\/4201\/revisions"}],"predecessor-version":[{"id":9787,"href":"https:\/\/www.app.asso.fr\/en\/wp-json\/wp\/v2\/pages\/4201\/revisions\/9787"}],"up":[{"embeddable":true,"href":"https:\/\/www.app.asso.fr\/en\/wp-json\/wp\/v2\/pages\/4125"}],"wp:attachment":[{"href":"https:\/\/www.app.asso.fr\/en\/wp-json\/wp\/v2\/media?parent=4201"}],"curies":[{"name":"wp","href":"https:\/\/api.w.org\/{rel}","templated":true}]}}