{"id":4209,"date":"2019-08-26T16:22:52","date_gmt":"2019-08-26T14:22:52","guid":{"rendered":"https:\/\/www.app.asso.fr\/?page_id=4209"},"modified":"2024-09-11T17:32:37","modified_gmt":"2024-09-11T15:32:37","slug":"faq-can-i-change-the-escrow-agreement-model-provided-in-the-app","status":"publish","type":"page","link":"https:\/\/www.app.asso.fr\/en\/information-center\/for-an-escrow\/faq-can-i-change-the-escrow-agreement-model-provided-in-the-app","title":{"rendered":"FAQ \u2013 Can I change the escrow agreement model provided in the APP?"},"content":{"rendered":"[vc_row][vc_column][vc_custom_heading text=&#8221;FAQ \u2013 Can I change the escrow agreement model provided in the APP?&#8221; font_container=&#8221;tag:h1|text_align:left|color:%231777be&#8221; use_theme_fonts=&#8221;yes&#8221;][vc_column_text]You can adapt some articles of our escrow agreement model to your specific needs. We invite you to send your draft escrow agreement to the Legal Department before signature in order to validate your modifications.[\/vc_column_text][\/vc_column][vc_column][\/vc_column][\/vc_row]\n","protected":false},"excerpt":{"rendered":"<p>[vc_row][vc_column][vc_custom_heading text=&#8221;FAQ \u2013 Can I change the escrow agreement model provided in the APP?&#8221; font_container=&#8221;tag:h1|text_align:left|color:%231777be&#8221; use_theme_fonts=&#8221;yes&#8221;][vc_column_text]You can adapt some articles of our escrow agreement model to your specific needs. We invite you to send your draft escrow agreement to the Legal Department before signature in order to validate your modifications.[\/vc_column_text][\/vc_column][vc_column][\/vc_column][\/vc_row]<\/p>\n","protected":false},"author":20,"featured_media":0,"parent":4127,"menu_order":1,"comment_status":"closed","ping_status":"closed","template":"","meta":{"inline_featured_image":false,"sfsi_plus_gutenberg_text_before_share":"","sfsi_plus_gutenberg_show_text_before_share":"","sfsi_plus_gutenberg_icon_type":"","sfsi_plus_gutenberg_icon_alignemt":"","sfsi_plus_gutenburg_max_per_row":"","footnotes":""},"class_list":["post-4209","page","type-page","status-publish","hentry","entry","post-inner"],"yoast_head":"<!-- This site is optimized with the Yoast SEO plugin v25.6 - https:\/\/yoast.com\/wordpress\/plugins\/seo\/ -->\n<title>FAQ \u2013 Can I change the escrow agreement model provided in the APP? - APP - Agence pour la Protection des Programmes<\/title>\n<meta name=\"description\" content=\"L&#039;Agence pour la Protection des Programmes prot\u00e8ge les logiciels, bases de donn\u00e9es et autres \u0153uvres num\u00e9riques par un syst\u00e8me de d\u00e9p\u00f4t et de r\u00e9f\u00e9rencement.\" \/>\n<meta name=\"robots\" content=\"index, follow, max-snippet:-1, max-image-preview:large, max-video-preview:-1\" \/>\n<link rel=\"canonical\" href=\"https:\/\/www.app.asso.fr\/en\/information-center\/for-an-escrow\/faq-can-i-change-the-escrow-agreement-model-provided-in-the-app\" \/>\n<meta property=\"og:locale\" content=\"en_US\" \/>\n<meta property=\"og:type\" content=\"article\" \/>\n<meta property=\"og:title\" content=\"FAQ \u2013 Can I change the escrow agreement model provided in the APP? - APP - Agence pour la Protection des Programmes\" \/>\n<meta property=\"og:description\" content=\"L&#039;Agence pour la Protection des Programmes prot\u00e8ge les logiciels, bases de donn\u00e9es et autres \u0153uvres num\u00e9riques par un syst\u00e8me de d\u00e9p\u00f4t et de r\u00e9f\u00e9rencement.\" \/>\n<meta property=\"og:url\" content=\"https:\/\/www.app.asso.fr\/en\/information-center\/for-an-escrow\/faq-can-i-change-the-escrow-agreement-model-provided-in-the-app\" \/>\n<meta property=\"og:site_name\" content=\"APP - Agence pour la Protection des Programmes\" \/>\n<meta property=\"article:modified_time\" content=\"2024-09-11T15:32:37+00:00\" \/>\n<meta property=\"og:image\" content=\"https:\/\/www.app.asso.fr\/wp-content\/uploads\/cropped-Frame-1-2-1.png\" \/>\n\t<meta property=\"og:image:width\" content=\"512\" \/>\n\t<meta property=\"og:image:height\" content=\"512\" \/>\n\t<meta property=\"og:image:type\" content=\"image\/png\" \/>\n<meta name=\"twitter:label1\" content=\"Est. reading time\" \/>\n\t<meta name=\"twitter:data1\" content=\"1 minute\" \/>\n<script type=\"application\/ld+json\" class=\"yoast-schema-graph\">{\"@context\":\"https:\/\/schema.org\",\"@graph\":[{\"@type\":\"WebPage\",\"@id\":\"https:\/\/www.app.asso.fr\/en\/information-center\/for-an-escrow\/faq-can-i-change-the-escrow-agreement-model-provided-in-the-app\",\"url\":\"https:\/\/www.app.asso.fr\/en\/information-center\/for-an-escrow\/faq-can-i-change-the-escrow-agreement-model-provided-in-the-app\",\"name\":\"FAQ \u2013 Can I change the escrow agreement model provided in the APP? - APP - Agence pour la Protection des Programmes\",\"isPartOf\":{\"@id\":\"https:\/\/www.app.asso.fr\/#website\"},\"datePublished\":\"2019-08-26T14:22:52+00:00\",\"dateModified\":\"2024-09-11T15:32:37+00:00\",\"description\":\"L'Agence pour la Protection des Programmes prot\u00e8ge les logiciels, bases de donn\u00e9es et autres \u0153uvres num\u00e9riques par un syst\u00e8me de d\u00e9p\u00f4t et de r\u00e9f\u00e9rencement.\",\"breadcrumb\":{\"@id\":\"https:\/\/www.app.asso.fr\/en\/information-center\/for-an-escrow\/faq-can-i-change-the-escrow-agreement-model-provided-in-the-app#breadcrumb\"},\"inLanguage\":\"en-US\",\"potentialAction\":[{\"@type\":\"ReadAction\",\"target\":[\"https:\/\/www.app.asso.fr\/en\/information-center\/for-an-escrow\/faq-can-i-change-the-escrow-agreement-model-provided-in-the-app\"]}]},{\"@type\":\"BreadcrumbList\",\"@id\":\"https:\/\/www.app.asso.fr\/en\/information-center\/for-an-escrow\/faq-can-i-change-the-escrow-agreement-model-provided-in-the-app#breadcrumb\",\"itemListElement\":[{\"@type\":\"ListItem\",\"position\":1,\"name\":\"Accueil\",\"item\":\"https:\/\/www.app.asso.fr\/en\/accueil-2\"},{\"@type\":\"ListItem\",\"position\":2,\"name\":\"Information center\",\"item\":\"https:\/\/www.app.asso.fr\/en\/information-center\"},{\"@type\":\"ListItem\",\"position\":3,\"name\":\"For an escrow\",\"item\":\"https:\/\/www.app.asso.fr\/en\/information-center\/for-an-escrow\"},{\"@type\":\"ListItem\",\"position\":4,\"name\":\"FAQ \u2013 Can I change the escrow agreement model provided in the APP?\"}]},{\"@type\":\"WebSite\",\"@id\":\"https:\/\/www.app.asso.fr\/#website\",\"url\":\"https:\/\/www.app.asso.fr\/\",\"name\":\"APP - Agence pour la Protection des Programmes\",\"description\":\"L&#039;Agence pour la Protection des Programmes prot\u00e8ge les logiciels, bases de donn\u00e9es et autres oeuvres num\u00e9riques par un syst\u00e8me de d\u00e9p\u00f4t et de r\u00e9f\u00e9rencement.\",\"publisher\":{\"@id\":\"https:\/\/www.app.asso.fr\/#organization\"},\"potentialAction\":[{\"@type\":\"SearchAction\",\"target\":{\"@type\":\"EntryPoint\",\"urlTemplate\":\"https:\/\/www.app.asso.fr\/?s={search_term_string}\"},\"query-input\":{\"@type\":\"PropertyValueSpecification\",\"valueRequired\":true,\"valueName\":\"search_term_string\"}}],\"inLanguage\":\"en-US\"},{\"@type\":\"Organization\",\"@id\":\"https:\/\/www.app.asso.fr\/#organization\",\"name\":\"APP - Agence pour la Protection des Programmes\",\"url\":\"https:\/\/www.app.asso.fr\/\",\"logo\":{\"@type\":\"ImageObject\",\"inLanguage\":\"en-US\",\"@id\":\"https:\/\/www.app.asso.fr\/#\/schema\/logo\/image\/\",\"url\":\"https:\/\/www.app.asso.fr\/wp-content\/uploads\/cropped-Frame-1-2-1.png\",\"contentUrl\":\"https:\/\/www.app.asso.fr\/wp-content\/uploads\/cropped-Frame-1-2-1.png\",\"width\":512,\"height\":512,\"caption\":\"APP - Agence pour la Protection des Programmes\"},\"image\":{\"@id\":\"https:\/\/www.app.asso.fr\/#\/schema\/logo\/image\/\"},\"sameAs\":[\"https:\/\/www.linkedin.com\/company\/agence-pour-la-protection-des-programmes-app\/mycompany\/?viewAsMember=true\",\"https:\/\/www.youtube.com\/channel\/UCjCbQOyTyt2nP3DA_RmlyJw\",\"https:\/\/fr.wikipedia.org\/wiki\/Agence_pour_la_protection_des_programmes\"]}]}<\/script>\n<!-- \/ Yoast SEO plugin. -->","yoast_head_json":{"title":"FAQ \u2013 Can I change the escrow agreement model provided in the APP? - APP - Agence pour la Protection des Programmes","description":"L'Agence pour la Protection des Programmes prot\u00e8ge les logiciels, bases de donn\u00e9es et autres \u0153uvres num\u00e9riques par un syst\u00e8me de d\u00e9p\u00f4t et de r\u00e9f\u00e9rencement.","robots":{"index":"index","follow":"follow","max-snippet":"max-snippet:-1","max-image-preview":"max-image-preview:large","max-video-preview":"max-video-preview:-1"},"canonical":"https:\/\/www.app.asso.fr\/en\/information-center\/for-an-escrow\/faq-can-i-change-the-escrow-agreement-model-provided-in-the-app","og_locale":"en_US","og_type":"article","og_title":"FAQ \u2013 Can I change the escrow agreement model provided in the APP? - APP - Agence pour la Protection des Programmes","og_description":"L'Agence pour la Protection des Programmes prot\u00e8ge les logiciels, bases de donn\u00e9es et autres \u0153uvres num\u00e9riques par un syst\u00e8me de d\u00e9p\u00f4t et de r\u00e9f\u00e9rencement.","og_url":"https:\/\/www.app.asso.fr\/en\/information-center\/for-an-escrow\/faq-can-i-change-the-escrow-agreement-model-provided-in-the-app","og_site_name":"APP - Agence pour la Protection des Programmes","article_modified_time":"2024-09-11T15:32:37+00:00","og_image":[{"width":512,"height":512,"url":"https:\/\/www.app.asso.fr\/wp-content\/uploads\/cropped-Frame-1-2-1.png","type":"image\/png"}],"twitter_misc":{"Est. reading time":"1 minute"},"schema":{"@context":"https:\/\/schema.org","@graph":[{"@type":"WebPage","@id":"https:\/\/www.app.asso.fr\/en\/information-center\/for-an-escrow\/faq-can-i-change-the-escrow-agreement-model-provided-in-the-app","url":"https:\/\/www.app.asso.fr\/en\/information-center\/for-an-escrow\/faq-can-i-change-the-escrow-agreement-model-provided-in-the-app","name":"FAQ \u2013 Can I change the escrow agreement model provided in the APP? - APP - Agence pour la Protection des Programmes","isPartOf":{"@id":"https:\/\/www.app.asso.fr\/#website"},"datePublished":"2019-08-26T14:22:52+00:00","dateModified":"2024-09-11T15:32:37+00:00","description":"L'Agence pour la Protection des Programmes prot\u00e8ge les logiciels, bases de donn\u00e9es et autres \u0153uvres num\u00e9riques par un syst\u00e8me de d\u00e9p\u00f4t et de r\u00e9f\u00e9rencement.","breadcrumb":{"@id":"https:\/\/www.app.asso.fr\/en\/information-center\/for-an-escrow\/faq-can-i-change-the-escrow-agreement-model-provided-in-the-app#breadcrumb"},"inLanguage":"en-US","potentialAction":[{"@type":"ReadAction","target":["https:\/\/www.app.asso.fr\/en\/information-center\/for-an-escrow\/faq-can-i-change-the-escrow-agreement-model-provided-in-the-app"]}]},{"@type":"BreadcrumbList","@id":"https:\/\/www.app.asso.fr\/en\/information-center\/for-an-escrow\/faq-can-i-change-the-escrow-agreement-model-provided-in-the-app#breadcrumb","itemListElement":[{"@type":"ListItem","position":1,"name":"Accueil","item":"https:\/\/www.app.asso.fr\/en\/accueil-2"},{"@type":"ListItem","position":2,"name":"Information center","item":"https:\/\/www.app.asso.fr\/en\/information-center"},{"@type":"ListItem","position":3,"name":"For an escrow","item":"https:\/\/www.app.asso.fr\/en\/information-center\/for-an-escrow"},{"@type":"ListItem","position":4,"name":"FAQ \u2013 Can I change the escrow agreement model provided in the APP?"}]},{"@type":"WebSite","@id":"https:\/\/www.app.asso.fr\/#website","url":"https:\/\/www.app.asso.fr\/","name":"APP - Agence pour la Protection des Programmes","description":"L&#039;Agence pour la Protection des Programmes prot\u00e8ge les logiciels, bases de donn\u00e9es et autres oeuvres num\u00e9riques par un syst\u00e8me de d\u00e9p\u00f4t et de r\u00e9f\u00e9rencement.","publisher":{"@id":"https:\/\/www.app.asso.fr\/#organization"},"potentialAction":[{"@type":"SearchAction","target":{"@type":"EntryPoint","urlTemplate":"https:\/\/www.app.asso.fr\/?s={search_term_string}"},"query-input":{"@type":"PropertyValueSpecification","valueRequired":true,"valueName":"search_term_string"}}],"inLanguage":"en-US"},{"@type":"Organization","@id":"https:\/\/www.app.asso.fr\/#organization","name":"APP - Agence pour la Protection des Programmes","url":"https:\/\/www.app.asso.fr\/","logo":{"@type":"ImageObject","inLanguage":"en-US","@id":"https:\/\/www.app.asso.fr\/#\/schema\/logo\/image\/","url":"https:\/\/www.app.asso.fr\/wp-content\/uploads\/cropped-Frame-1-2-1.png","contentUrl":"https:\/\/www.app.asso.fr\/wp-content\/uploads\/cropped-Frame-1-2-1.png","width":512,"height":512,"caption":"APP - Agence pour la Protection des Programmes"},"image":{"@id":"https:\/\/www.app.asso.fr\/#\/schema\/logo\/image\/"},"sameAs":["https:\/\/www.linkedin.com\/company\/agence-pour-la-protection-des-programmes-app\/mycompany\/?viewAsMember=true","https:\/\/www.youtube.com\/channel\/UCjCbQOyTyt2nP3DA_RmlyJw","https:\/\/fr.wikipedia.org\/wiki\/Agence_pour_la_protection_des_programmes"]}]}},"_links":{"self":[{"href":"https:\/\/www.app.asso.fr\/en\/wp-json\/wp\/v2\/pages\/4209","targetHints":{"allow":["GET"]}}],"collection":[{"href":"https:\/\/www.app.asso.fr\/en\/wp-json\/wp\/v2\/pages"}],"about":[{"href":"https:\/\/www.app.asso.fr\/en\/wp-json\/wp\/v2\/types\/page"}],"author":[{"embeddable":true,"href":"https:\/\/www.app.asso.fr\/en\/wp-json\/wp\/v2\/users\/20"}],"replies":[{"embeddable":true,"href":"https:\/\/www.app.asso.fr\/en\/wp-json\/wp\/v2\/comments?post=4209"}],"version-history":[{"count":2,"href":"https:\/\/www.app.asso.fr\/en\/wp-json\/wp\/v2\/pages\/4209\/revisions"}],"predecessor-version":[{"id":9782,"href":"https:\/\/www.app.asso.fr\/en\/wp-json\/wp\/v2\/pages\/4209\/revisions\/9782"}],"up":[{"embeddable":true,"href":"https:\/\/www.app.asso.fr\/en\/wp-json\/wp\/v2\/pages\/4127"}],"wp:attachment":[{"href":"https:\/\/www.app.asso.fr\/en\/wp-json\/wp\/v2\/media?parent=4209"}],"curies":[{"name":"wp","href":"https:\/\/api.w.org\/{rel}","templated":true}]}}