{"id":4215,"date":"2019-08-26T16:37:56","date_gmt":"2019-08-26T14:37:56","guid":{"rendered":"https:\/\/www.app.asso.fr\/?page_id=4215"},"modified":"2024-09-11T17:21:59","modified_gmt":"2024-09-11T15:21:59","slug":"faq-what-to-deposit-in-the-context-of-an-escrow","status":"publish","type":"page","link":"https:\/\/www.app.asso.fr\/en\/information-center\/for-an-escrow\/faq-what-to-deposit-in-the-context-of-an-escrow","title":{"rendered":"FAQ &#8211; What to deposit in the context of an escrow?"},"content":{"rendered":"[vc_row][vc_column][vc_custom_heading text=&#8221;What to deposit in the context of an escrow?&#8221; font_container=&#8221;tag:h1|text_align:left|color:%231777be&#8221; use_theme_fonts=&#8221;yes&#8221;][vc_column_text]It is recommended to deposit a functional and operational package.<\/p>\n<p>&nbsp;<\/p>\n<p>The classic case of escrow is that of specific software ordered by a client from his supplier.\u00a0 A strategic document set for the continuity of a R&amp;D service or partnership can also be escrowed.<\/p>\n<p>&nbsp;<\/p>\n<p>If necessary for the maintenance or use of the product, you can include elements in the deposit that you are not the rights holder (with a declaration of non-request of rights).<\/p>\n<p>&nbsp;<\/p>\n<p>In the event of authorized access to the deposit, it will be made fully accessible to the beneficiary. It is therefore recommended to make escrow-specific deposits in dedicated IDDN filiations.<\/p>\n<p>&nbsp;<\/p>\n<p>The frequency of deposit (example: delivery of a new version to the client) is normally included in the escrow agreement or access clause you have signed with your client(s).<\/p>\n<p>&nbsp;<\/p>\n<p>It is recommended, to reassure the parties on the content of the deposits, to make an Advanced Deposit (verified or controlled deposit) with the APP. This procedure makes it possible in particular to ensure, for a software, that the deposited elements (source code, binary, documentation, etc.) are indeed those required by the beneficiary.[\/vc_column_text][\/vc_column][\/vc_row]\n","protected":false},"excerpt":{"rendered":"<p>[vc_row][vc_column][vc_custom_heading text=&#8221;What to deposit in the context of an escrow?&#8221; font_container=&#8221;tag:h1|text_align:left|color:%231777be&#8221; use_theme_fonts=&#8221;yes&#8221;][vc_column_text]It is recommended to deposit a functional and operational package. &nbsp; The classic case of escrow is that of specific software ordered by a client from his supplier.\u00a0 A strategic document set for the continuity of a R&amp;D service or partnership can also be escrowed. &nbsp; If necessary for the maintenance or use of the product, you can include elements in the deposit that you are not the rights holder (with a declaration of non-request of rights). &nbsp; In the event of authorized access to the deposit, it will be made fully accessible to the beneficiary. It is therefore recommended to make escrow-specific deposits in dedicated IDDN filiations. &nbsp; The frequency of deposit (example: delivery of a new version to the client) is normally included in the escrow agreement or access clause you have signed with your client(s). &nbsp; It is recommended, to reassure the parties on the content of the deposits, to make an Advanced Deposit (verified or controlled deposit) with the APP. This procedure makes it possible in particular to ensure, for a software, that the deposited elements (source code, binary, documentation, etc.) are indeed those required by the beneficiary.[\/vc_column_text][\/vc_column][\/vc_row]<\/p>\n","protected":false},"author":20,"featured_media":0,"parent":4127,"menu_order":3,"comment_status":"closed","ping_status":"closed","template":"","meta":{"inline_featured_image":false,"sfsi_plus_gutenberg_text_before_share":"","sfsi_plus_gutenberg_show_text_before_share":"","sfsi_plus_gutenberg_icon_type":"","sfsi_plus_gutenberg_icon_alignemt":"","sfsi_plus_gutenburg_max_per_row":"","footnotes":""},"class_list":["post-4215","page","type-page","status-publish","hentry","entry","post-inner"],"yoast_head":"<!-- This site is optimized with the Yoast SEO plugin v25.6 - https:\/\/yoast.com\/wordpress\/plugins\/seo\/ -->\n<title>FAQ - What to deposit in the context of an escrow? - APP - Agence pour la Protection des Programmes<\/title>\n<meta name=\"description\" content=\"L&#039;Agence pour la Protection des Programmes prot\u00e8ge les logiciels, bases de donn\u00e9es et autres \u0153uvres num\u00e9riques par un syst\u00e8me de d\u00e9p\u00f4t et de r\u00e9f\u00e9rencement.\" \/>\n<meta name=\"robots\" content=\"index, follow, max-snippet:-1, max-image-preview:large, max-video-preview:-1\" \/>\n<link rel=\"canonical\" href=\"https:\/\/www.app.asso.fr\/en\/information-center\/for-an-escrow\/faq-what-to-deposit-in-the-context-of-an-escrow\" \/>\n<meta property=\"og:locale\" content=\"en_US\" \/>\n<meta property=\"og:type\" content=\"article\" \/>\n<meta property=\"og:title\" content=\"FAQ - What to deposit in the context of an escrow? - APP - Agence pour la Protection des Programmes\" \/>\n<meta property=\"og:description\" content=\"L&#039;Agence pour la Protection des Programmes prot\u00e8ge les logiciels, bases de donn\u00e9es et autres \u0153uvres num\u00e9riques par un syst\u00e8me de d\u00e9p\u00f4t et de r\u00e9f\u00e9rencement.\" \/>\n<meta property=\"og:url\" content=\"https:\/\/www.app.asso.fr\/en\/information-center\/for-an-escrow\/faq-what-to-deposit-in-the-context-of-an-escrow\" \/>\n<meta property=\"og:site_name\" content=\"APP - Agence pour la Protection des Programmes\" \/>\n<meta property=\"article:modified_time\" content=\"2024-09-11T15:21:59+00:00\" \/>\n<meta property=\"og:image\" content=\"https:\/\/www.app.asso.fr\/wp-content\/uploads\/cropped-Frame-1-2-1.png\" \/>\n\t<meta property=\"og:image:width\" content=\"512\" \/>\n\t<meta property=\"og:image:height\" content=\"512\" \/>\n\t<meta property=\"og:image:type\" content=\"image\/png\" \/>\n<meta name=\"twitter:label1\" content=\"Est. reading time\" \/>\n\t<meta name=\"twitter:data1\" content=\"2 minutes\" \/>\n<script type=\"application\/ld+json\" class=\"yoast-schema-graph\">{\"@context\":\"https:\/\/schema.org\",\"@graph\":[{\"@type\":\"WebPage\",\"@id\":\"https:\/\/www.app.asso.fr\/en\/information-center\/for-an-escrow\/faq-what-to-deposit-in-the-context-of-an-escrow\",\"url\":\"https:\/\/www.app.asso.fr\/en\/information-center\/for-an-escrow\/faq-what-to-deposit-in-the-context-of-an-escrow\",\"name\":\"FAQ - What to deposit in the context of an escrow? - APP - Agence pour la Protection des Programmes\",\"isPartOf\":{\"@id\":\"https:\/\/www.app.asso.fr\/#website\"},\"datePublished\":\"2019-08-26T14:37:56+00:00\",\"dateModified\":\"2024-09-11T15:21:59+00:00\",\"description\":\"L'Agence pour la Protection des Programmes prot\u00e8ge les logiciels, bases de donn\u00e9es et autres \u0153uvres num\u00e9riques par un syst\u00e8me de d\u00e9p\u00f4t et de r\u00e9f\u00e9rencement.\",\"breadcrumb\":{\"@id\":\"https:\/\/www.app.asso.fr\/en\/information-center\/for-an-escrow\/faq-what-to-deposit-in-the-context-of-an-escrow#breadcrumb\"},\"inLanguage\":\"en-US\",\"potentialAction\":[{\"@type\":\"ReadAction\",\"target\":[\"https:\/\/www.app.asso.fr\/en\/information-center\/for-an-escrow\/faq-what-to-deposit-in-the-context-of-an-escrow\"]}]},{\"@type\":\"BreadcrumbList\",\"@id\":\"https:\/\/www.app.asso.fr\/en\/information-center\/for-an-escrow\/faq-what-to-deposit-in-the-context-of-an-escrow#breadcrumb\",\"itemListElement\":[{\"@type\":\"ListItem\",\"position\":1,\"name\":\"Accueil\",\"item\":\"https:\/\/www.app.asso.fr\/en\/accueil-2\"},{\"@type\":\"ListItem\",\"position\":2,\"name\":\"Information center\",\"item\":\"https:\/\/www.app.asso.fr\/en\/information-center\"},{\"@type\":\"ListItem\",\"position\":3,\"name\":\"For an escrow\",\"item\":\"https:\/\/www.app.asso.fr\/en\/information-center\/for-an-escrow\"},{\"@type\":\"ListItem\",\"position\":4,\"name\":\"FAQ &#8211; What to deposit in the context of an escrow?\"}]},{\"@type\":\"WebSite\",\"@id\":\"https:\/\/www.app.asso.fr\/#website\",\"url\":\"https:\/\/www.app.asso.fr\/\",\"name\":\"APP - Agence pour la Protection des Programmes\",\"description\":\"L&#039;Agence pour la Protection des Programmes prot\u00e8ge les logiciels, bases de donn\u00e9es et autres oeuvres num\u00e9riques par un syst\u00e8me de d\u00e9p\u00f4t et de r\u00e9f\u00e9rencement.\",\"publisher\":{\"@id\":\"https:\/\/www.app.asso.fr\/#organization\"},\"potentialAction\":[{\"@type\":\"SearchAction\",\"target\":{\"@type\":\"EntryPoint\",\"urlTemplate\":\"https:\/\/www.app.asso.fr\/?s={search_term_string}\"},\"query-input\":{\"@type\":\"PropertyValueSpecification\",\"valueRequired\":true,\"valueName\":\"search_term_string\"}}],\"inLanguage\":\"en-US\"},{\"@type\":\"Organization\",\"@id\":\"https:\/\/www.app.asso.fr\/#organization\",\"name\":\"APP - Agence pour la Protection des Programmes\",\"url\":\"https:\/\/www.app.asso.fr\/\",\"logo\":{\"@type\":\"ImageObject\",\"inLanguage\":\"en-US\",\"@id\":\"https:\/\/www.app.asso.fr\/#\/schema\/logo\/image\/\",\"url\":\"https:\/\/www.app.asso.fr\/wp-content\/uploads\/cropped-Frame-1-2-1.png\",\"contentUrl\":\"https:\/\/www.app.asso.fr\/wp-content\/uploads\/cropped-Frame-1-2-1.png\",\"width\":512,\"height\":512,\"caption\":\"APP - Agence pour la Protection des Programmes\"},\"image\":{\"@id\":\"https:\/\/www.app.asso.fr\/#\/schema\/logo\/image\/\"},\"sameAs\":[\"https:\/\/www.linkedin.com\/company\/agence-pour-la-protection-des-programmes-app\/mycompany\/?viewAsMember=true\",\"https:\/\/www.youtube.com\/channel\/UCjCbQOyTyt2nP3DA_RmlyJw\",\"https:\/\/fr.wikipedia.org\/wiki\/Agence_pour_la_protection_des_programmes\"]}]}<\/script>\n<!-- \/ Yoast SEO plugin. -->","yoast_head_json":{"title":"FAQ - What to deposit in the context of an escrow? - APP - Agence pour la Protection des Programmes","description":"L'Agence pour la Protection des Programmes prot\u00e8ge les logiciels, bases de donn\u00e9es et autres \u0153uvres num\u00e9riques par un syst\u00e8me de d\u00e9p\u00f4t et de r\u00e9f\u00e9rencement.","robots":{"index":"index","follow":"follow","max-snippet":"max-snippet:-1","max-image-preview":"max-image-preview:large","max-video-preview":"max-video-preview:-1"},"canonical":"https:\/\/www.app.asso.fr\/en\/information-center\/for-an-escrow\/faq-what-to-deposit-in-the-context-of-an-escrow","og_locale":"en_US","og_type":"article","og_title":"FAQ - What to deposit in the context of an escrow? - APP - Agence pour la Protection des Programmes","og_description":"L'Agence pour la Protection des Programmes prot\u00e8ge les logiciels, bases de donn\u00e9es et autres \u0153uvres num\u00e9riques par un syst\u00e8me de d\u00e9p\u00f4t et de r\u00e9f\u00e9rencement.","og_url":"https:\/\/www.app.asso.fr\/en\/information-center\/for-an-escrow\/faq-what-to-deposit-in-the-context-of-an-escrow","og_site_name":"APP - Agence pour la Protection des Programmes","article_modified_time":"2024-09-11T15:21:59+00:00","og_image":[{"width":512,"height":512,"url":"https:\/\/www.app.asso.fr\/wp-content\/uploads\/cropped-Frame-1-2-1.png","type":"image\/png"}],"twitter_misc":{"Est. reading time":"2 minutes"},"schema":{"@context":"https:\/\/schema.org","@graph":[{"@type":"WebPage","@id":"https:\/\/www.app.asso.fr\/en\/information-center\/for-an-escrow\/faq-what-to-deposit-in-the-context-of-an-escrow","url":"https:\/\/www.app.asso.fr\/en\/information-center\/for-an-escrow\/faq-what-to-deposit-in-the-context-of-an-escrow","name":"FAQ - What to deposit in the context of an escrow? - APP - Agence pour la Protection des Programmes","isPartOf":{"@id":"https:\/\/www.app.asso.fr\/#website"},"datePublished":"2019-08-26T14:37:56+00:00","dateModified":"2024-09-11T15:21:59+00:00","description":"L'Agence pour la Protection des Programmes prot\u00e8ge les logiciels, bases de donn\u00e9es et autres \u0153uvres num\u00e9riques par un syst\u00e8me de d\u00e9p\u00f4t et de r\u00e9f\u00e9rencement.","breadcrumb":{"@id":"https:\/\/www.app.asso.fr\/en\/information-center\/for-an-escrow\/faq-what-to-deposit-in-the-context-of-an-escrow#breadcrumb"},"inLanguage":"en-US","potentialAction":[{"@type":"ReadAction","target":["https:\/\/www.app.asso.fr\/en\/information-center\/for-an-escrow\/faq-what-to-deposit-in-the-context-of-an-escrow"]}]},{"@type":"BreadcrumbList","@id":"https:\/\/www.app.asso.fr\/en\/information-center\/for-an-escrow\/faq-what-to-deposit-in-the-context-of-an-escrow#breadcrumb","itemListElement":[{"@type":"ListItem","position":1,"name":"Accueil","item":"https:\/\/www.app.asso.fr\/en\/accueil-2"},{"@type":"ListItem","position":2,"name":"Information center","item":"https:\/\/www.app.asso.fr\/en\/information-center"},{"@type":"ListItem","position":3,"name":"For an escrow","item":"https:\/\/www.app.asso.fr\/en\/information-center\/for-an-escrow"},{"@type":"ListItem","position":4,"name":"FAQ &#8211; What to deposit in the context of an escrow?"}]},{"@type":"WebSite","@id":"https:\/\/www.app.asso.fr\/#website","url":"https:\/\/www.app.asso.fr\/","name":"APP - Agence pour la Protection des Programmes","description":"L&#039;Agence pour la Protection des Programmes prot\u00e8ge les logiciels, bases de donn\u00e9es et autres oeuvres num\u00e9riques par un syst\u00e8me de d\u00e9p\u00f4t et de r\u00e9f\u00e9rencement.","publisher":{"@id":"https:\/\/www.app.asso.fr\/#organization"},"potentialAction":[{"@type":"SearchAction","target":{"@type":"EntryPoint","urlTemplate":"https:\/\/www.app.asso.fr\/?s={search_term_string}"},"query-input":{"@type":"PropertyValueSpecification","valueRequired":true,"valueName":"search_term_string"}}],"inLanguage":"en-US"},{"@type":"Organization","@id":"https:\/\/www.app.asso.fr\/#organization","name":"APP - Agence pour la Protection des Programmes","url":"https:\/\/www.app.asso.fr\/","logo":{"@type":"ImageObject","inLanguage":"en-US","@id":"https:\/\/www.app.asso.fr\/#\/schema\/logo\/image\/","url":"https:\/\/www.app.asso.fr\/wp-content\/uploads\/cropped-Frame-1-2-1.png","contentUrl":"https:\/\/www.app.asso.fr\/wp-content\/uploads\/cropped-Frame-1-2-1.png","width":512,"height":512,"caption":"APP - Agence pour la Protection des Programmes"},"image":{"@id":"https:\/\/www.app.asso.fr\/#\/schema\/logo\/image\/"},"sameAs":["https:\/\/www.linkedin.com\/company\/agence-pour-la-protection-des-programmes-app\/mycompany\/?viewAsMember=true","https:\/\/www.youtube.com\/channel\/UCjCbQOyTyt2nP3DA_RmlyJw","https:\/\/fr.wikipedia.org\/wiki\/Agence_pour_la_protection_des_programmes"]}]}},"_links":{"self":[{"href":"https:\/\/www.app.asso.fr\/en\/wp-json\/wp\/v2\/pages\/4215","targetHints":{"allow":["GET"]}}],"collection":[{"href":"https:\/\/www.app.asso.fr\/en\/wp-json\/wp\/v2\/pages"}],"about":[{"href":"https:\/\/www.app.asso.fr\/en\/wp-json\/wp\/v2\/types\/page"}],"author":[{"embeddable":true,"href":"https:\/\/www.app.asso.fr\/en\/wp-json\/wp\/v2\/users\/20"}],"replies":[{"embeddable":true,"href":"https:\/\/www.app.asso.fr\/en\/wp-json\/wp\/v2\/comments?post=4215"}],"version-history":[{"count":2,"href":"https:\/\/www.app.asso.fr\/en\/wp-json\/wp\/v2\/pages\/4215\/revisions"}],"predecessor-version":[{"id":9776,"href":"https:\/\/www.app.asso.fr\/en\/wp-json\/wp\/v2\/pages\/4215\/revisions\/9776"}],"up":[{"embeddable":true,"href":"https:\/\/www.app.asso.fr\/en\/wp-json\/wp\/v2\/pages\/4127"}],"wp:attachment":[{"href":"https:\/\/www.app.asso.fr\/en\/wp-json\/wp\/v2\/media?parent=4215"}],"curies":[{"name":"wp","href":"https:\/\/api.w.org\/{rel}","templated":true}]}}